{"id":538,"date":"2023-02-22T11:55:02","date_gmt":"2023-02-22T10:55:02","guid":{"rendered":"http:\/\/refra.posunemevasvys.cz\/moisture-remediation\/"},"modified":"2024-03-13T08:42:55","modified_gmt":"2024-03-13T07:42:55","slug":"moisture-remediation","status":"publish","type":"page","link":"http:\/\/refra.posunemevasvys.cz\/en\/moisture-remediation\/","title":{"rendered":"Construction and demolition work"},"content":{"rendered":"<p><div class=\"fusion-fullwidth fullwidth-box fusion-builder-row-1 fusion-flex-container nonhundred-percent-fullwidth non-hundred-percent-height-scrolling\" style=\"background-color: rgba(255,255,255,0);background-position: center center;background-repeat: no-repeat;border-width: 0px 0px 0px 0px;border-color:#e2e2e2;border-style:solid;\" ><div class=\"fusion-builder-row fusion-row fusion-flex-align-items-stretch\" style=\"max-width:1248px;margin-left: calc(-4% \/ 2 );margin-right: calc(-4% \/ 2 );\"><div class=\"fusion-layout-column fusion_builder_column fusion-builder-column-0 fusion_builder_column_1_1 1_1 fusion-flex-column\"><div class=\"fusion-column-wrapper fusion-flex-justify-content-flex-start fusion-content-layout-column\" style=\"background-position:left top;background-repeat:no-repeat;-webkit-background-size:cover;-moz-background-size:cover;-o-background-size:cover;background-size:cover;padding: 0px 0px 0px 0px;\"><\/div><style type=\"text\/css\">.fusion-body .fusion-builder-column-0{width:100% !important;margin-top : 0px;margin-bottom : 20px;}.fusion-builder-column-0 > .fusion-column-wrapper {padding-top : 0px !important;padding-right : 0px !important;margin-right : 1.92%;padding-bottom : 0px !important;padding-left : 0px !important;margin-left : 1.92%;}@media only screen and (max-width:1024px) {.fusion-body .fusion-builder-column-0{width:100% !important;order : 0;}.fusion-builder-column-0 > .fusion-column-wrapper {margin-right : 1.92%;margin-left : 1.92%;}}@media only screen and (max-width:640px) {.fusion-body .fusion-builder-column-0{width:100% !important;order : 0;}.fusion-builder-column-0 > .fusion-column-wrapper {margin-right : 1.92%;margin-left : 1.92%;}}<\/style><\/div><div class=\"fusion-layout-column fusion_builder_column fusion-builder-column-1 fusion_builder_column_1_2 1_2 fusion-flex-column\"><div class=\"fusion-column-wrapper fusion-flex-justify-content-flex-start fusion-content-layout-column\" style=\"background-position:left top;background-repeat:no-repeat;-webkit-background-size:cover;-moz-background-size:cover;-o-background-size:cover;background-size:cover;padding: 0px 0px 0px 0px;\"><div class=\"fusion-text fusion-text-1\"><p>In the construction and demolition division, we primarily focus on three main types of activities. These include the <strong>rehabilitation of reinforced concrete structures, the construction of industrial buildings and the supply and installation of steel structures.<\/strong><\/p>\n<p><strong>Rehabilitation of reinforced concrete structures<\/strong> is a&nbsp;critical aspect of maintenance and life extension of buildings, supporting structures of technological equipment of industrial enterprises, bridges and other infrastructure.<\/p>\n<p>The <strong>construction of industrial buildings<\/strong> is a&nbsp;complex process involving many phases. From the initial planning to the final commissioning of the building.<\/p>\n<p>Similarly, the process of <strong>supplying and installing steel structures<\/strong> is quite extensive and requires careful planning, coordination and reliable execution.<\/p>\n<p>Here you can learn more about our construction and demolition activities.<\/p>\n<\/div><\/div><style type=\"text\/css\">.fusion-body .fusion-builder-column-1{width:50% !important;margin-top : 0px;margin-bottom : 20px;}.fusion-builder-column-1 > .fusion-column-wrapper {padding-top : 0px !important;padding-right : 0px !important;margin-right : 3.84%;padding-bottom : 0px !important;padding-left : 0px !important;margin-left : 3.84%;}@media only screen and (max-width:1024px) {.fusion-body .fusion-builder-column-1{width:100% !important;order : 0;}.fusion-builder-column-1 > .fusion-column-wrapper {margin-right : 1.92%;margin-left : 1.92%;}}@media only screen and (max-width:640px) {.fusion-body .fusion-builder-column-1{width:100% !important;order : 0;}.fusion-builder-column-1 > .fusion-column-wrapper {margin-right : 1.92%;margin-left : 1.92%;}}<\/style><\/div><div class=\"fusion-layout-column fusion_builder_column fusion-builder-column-2 fusion_builder_column_1_2 1_2 fusion-flex-column\"><div class=\"fusion-column-wrapper fusion-flex-justify-content-center fusion-content-layout-column\" style=\"background-position:left top;background-repeat:no-repeat;-webkit-background-size:cover;-moz-background-size:cover;-o-background-size:cover;background-size:cover;padding: 0px 0px 0px 0px;\"><div ><span class=\" fusion-imageframe imageframe-none imageframe-1 hover-type-none\"><img decoding=\"async\" width=\"719\" height=\"482\" alt=\"Stavebn\u00ed a demoli\u010dn\u00ed pr\u00e1ce Refraprofi\" title=\"2020-1\" src=\"http:\/\/refra.posunemevasvys.cz\/wp-content\/uploads\/2023\/05\/2020-1.png\" class=\"img-responsive wp-image-827\" srcset=\"http:\/\/refra.posunemevasvys.cz\/wp-content\/uploads\/2023\/05\/2020-1-200x134.png 200w, http:\/\/refra.posunemevasvys.cz\/wp-content\/uploads\/2023\/05\/2020-1-400x268.png 400w, http:\/\/refra.posunemevasvys.cz\/wp-content\/uploads\/2023\/05\/2020-1-600x402.png 600w, http:\/\/refra.posunemevasvys.cz\/wp-content\/uploads\/2023\/05\/2020-1.png 719w\" sizes=\"(max-width: 640px) 100vw, 600px\" \/><\/span><\/div><\/div><style type=\"text\/css\">.fusion-body .fusion-builder-column-2{width:50% !important;margin-top : 0px;margin-bottom : 20px;}.fusion-builder-column-2 > .fusion-column-wrapper {padding-top : 0px !important;padding-right : 0px !important;margin-right : 3.84%;padding-bottom : 0px !important;padding-left : 0px !important;margin-left : 3.84%;}@media only screen and (max-width:1024px) {.fusion-body .fusion-builder-column-2{width:100% !important;order : 0;}.fusion-builder-column-2 > .fusion-column-wrapper {margin-right : 1.92%;margin-left : 1.92%;}}@media only screen and (max-width:640px) {.fusion-body .fusion-builder-column-2{width:100% !important;order : 0;}.fusion-builder-column-2 > .fusion-column-wrapper {margin-right : 1.92%;margin-left : 1.92%;}}<\/style><\/div><\/div><style type=\"text\/css\">.fusion-body .fusion-flex-container.fusion-builder-row-1{ padding-top : 0px;margin-top : 0px;padding-right : 0px;padding-bottom : 0px;margin-bottom : 0px;padding-left : 0px;}<\/style><\/div><div id=\"services\"><div class=\"fusion-fullwidth fullwidth-box fusion-builder-row-2 fusion-flex-container nonhundred-percent-fullwidth non-hundred-percent-height-scrolling\" style=\"background-color: rgba(255,255,255,0);background-position: center center;background-repeat: no-repeat;border-width: 0px 0px 0px 0px;border-color:#e2e2e2;border-style:solid;\" ><div class=\"fusion-builder-row fusion-row fusion-flex-align-items-flex-start\" style=\"max-width:1248px;margin-left: calc(-4% \/ 2 );margin-right: calc(-4% \/ 2 );\"><div class=\"fusion-layout-column fusion_builder_column fusion-builder-column-3 fusion_builder_column_1_3 1_3 fusion-flex-column sluzbax fusion-column-inner-bg-wrapper fusion-animated\" data-animationType=\"fadeInLeft\" data-animationDuration=\"0.7\" data-animationOffset=\"top-into-view\"><div class=\"fusion-column-wrapper fusion-flex-justify-content-flex-start fusion-content-layout-column\" style=\"padding: 80px 27px 0px 27px;\"><div style=\"text-align:center;\"><span class=\" fusion-imageframe imageframe-none imageframe-2 hover-type-none\"><img decoding=\"async\" width=\"68\" height=\"68\" title=\"ic-1\" src=\"http:\/\/refra.posunemevasvys.cz\/wp-content\/uploads\/2021\/09\/ic-1.png\" class=\"img-responsive wp-image-449\" srcset=\"http:\/\/refra.posunemevasvys.cz\/wp-content\/uploads\/2021\/09\/ic-1-66x66.png 66w, http:\/\/refra.posunemevasvys.cz\/wp-content\/uploads\/2021\/09\/ic-1.png 68w\" sizes=\"(max-width: 68px) 100vw, 68px\" \/><\/span><\/div><div class=\"fusion-separator fusion-full-width-sep\" style=\"align-self: center;margin-left: auto;margin-right: auto;margin-bottom:30px;width:100%;\"><\/div><style type=\"text\/css\">@media only screen and (max-width:1024px) {.fusion-title.fusion-title-1{margin-top:10px!important; margin-right:0px!important;margin-bottom:15px!important;margin-left:0px!important;}}@media only screen and (max-width:640px) {.fusion-title.fusion-title-1{margin-top:10px!important; margin-right:0px!important;margin-bottom:10px!important; margin-left:0px!important;}}<\/style><div class=\"fusion-title title fusion-title-1 fusion-sep-none fusion-title-center fusion-title-text fusion-title-size-two\" style=\"margin-top:10px;margin-right:0px;margin-bottom:15px;margin-left:0px;\"><h2 class=\"title-heading-center\" style=\"margin:0;color:#f6e8ce;\">remediation of reinforced concrete structures<\/h2><\/div><div class=\"fusion-separator fusion-full-width-sep\" style=\"align-self: center;margin-left: auto;margin-right: auto;margin-bottom:30px;width:100%;\"><\/div><div class=\"new-in\">\n<p class=\"nadpis\">Description of the service<\/p>\n<p style=\"font-size: 15px;\"> Rehabilitation of reinforced concrete structures is a critical aspect of maintenance and life extension of buildings, supporting structures of technological equipment of industrial enterprises, bridges and other infrastructure.<\/p>\n<a href=\"http:\/\/refra.posunemevasvys.cz\/en\/moisture-remediation\/remediation-of-reinforced-concrete-structures\/\" class=\"proklik\">More information <i class=\"fa-external-link-alt fas\"><\/i><\/a>\n<\/div><\/div><span class=\"fusion-column-inner-bg hover-type-none\"><a class=\"fusion-column-anchor\" href=\"http:\/\/refra.posunemevasvys.cz\/sanace-zelezobetonovych-konstrukci\/\/\"><span class=\"fusion-column-inner-bg-image\" style=\"background-color:#4e4832;background-position:center center;background-repeat:no-repeat;-webkit-background-size:cover;-moz-background-size:cover;-o-background-size:cover;background-size:cover;\"><\/span><\/a><\/span><style type=\"text\/css\">.fusion-body .fusion-builder-column-3{width:33.333333333333% !important;margin-top : 0px;margin-bottom : 20px;}.fusion-builder-column-3 > .fusion-column-wrapper {padding-top : 80px !important;padding-right : 27px !important;margin-right : 15px;padding-bottom : 0px !important;padding-left : 27px !important;margin-left : 15px;}.fusion-flex-container .fusion-row .fusion-builder-column-3 > .fusion-column-inner-bg { margin-right:15px;margin-left:15px; }@media only screen and (max-width:1024px) {.fusion-body .fusion-builder-column-3{width:50% !important;order : 0;}.fusion-builder-column-3 > .fusion-column-wrapper {margin-right : 15px;margin-left : 15px;}.fusion-flex-container .fusion-row .fusion-builder-column-3 > .fusion-column-inner-bg { margin-right:15px;margin-left:15px; }}@media only screen and (max-width:640px) {.fusion-body .fusion-builder-column-3{width:100% !important;order : 0;}.fusion-builder-column-3 > .fusion-column-wrapper {margin-right : 1.92%;margin-left : 1.92%;}.fusion-flex-container .fusion-row .fusion-builder-column-3 > .fusion-column-inner-bg { margin-right:1.92%;margin-left:1.92%; }}<\/style><\/div><div class=\"fusion-layout-column fusion_builder_column fusion-builder-column-4 fusion_builder_column_1_3 1_3 fusion-flex-column sluzbax fusion-column-inner-bg-wrapper fusion-animated\" data-animationType=\"fadeInLeft\" data-animationDuration=\"0.7\" data-animationOffset=\"top-into-view\"><div class=\"fusion-column-wrapper fusion-flex-justify-content-flex-start fusion-content-layout-column\" style=\"padding: 80px 27px 0px 27px;\"><div style=\"text-align:center;\"><span class=\" fusion-imageframe imageframe-none imageframe-3 hover-type-none\"><img decoding=\"async\" width=\"68\" height=\"68\" title=\"ic-3\" src=\"http:\/\/refra.posunemevasvys.cz\/wp-content\/uploads\/2021\/09\/ic-3.png\" class=\"img-responsive wp-image-453\" srcset=\"http:\/\/refra.posunemevasvys.cz\/wp-content\/uploads\/2021\/09\/ic-3-66x66.png 66w, http:\/\/refra.posunemevasvys.cz\/wp-content\/uploads\/2021\/09\/ic-3.png 68w\" sizes=\"(max-width: 68px) 100vw, 68px\" \/><\/span><\/div><div class=\"fusion-separator fusion-full-width-sep\" style=\"align-self: center;margin-left: auto;margin-right: auto;margin-bottom:30px;width:100%;\"><\/div><style type=\"text\/css\">@media only screen and (max-width:1024px) {.fusion-title.fusion-title-2{margin-top:10px!important; margin-right:0px!important;margin-bottom:15px!important;margin-left:0px!important;}}@media only screen and (max-width:640px) {.fusion-title.fusion-title-2{margin-top:10px!important; margin-right:0px!important;margin-bottom:10px!important; margin-left:0px!important;}}<\/style><div class=\"fusion-title title fusion-title-2 fusion-sep-none fusion-title-center fusion-title-text fusion-title-size-two\" style=\"margin-top:10px;margin-right:0px;margin-bottom:15px;margin-left:0px;\"><h2 class=\"title-heading-center\" style=\"margin:0;color:#f6e8ce;\">Construction of industrial buildings<\/h2><\/div><div class=\"fusion-separator fusion-full-width-sep\" style=\"align-self: center;margin-left: auto;margin-right: auto;margin-bottom:30px;width:100%;\"><\/div><div class=\"new-in\">\n<p class=\"nadpis\">Description of the service<\/p>\n<p style=\"font-size: 15px;\">This is a complex process that involves several stages. From the initial planning to the final commissioning of the building.<\/p>\n<a href=\"#\" class=\"proklik\">More information <i class=\"fa-external-link-alt fas\"><\/i><\/a>\n<\/div><\/div><span class=\"fusion-column-inner-bg hover-type-none\"><a class=\"fusion-column-anchor\" href=\"http:\/\/refra.posunemevasvys.cz\/vystavba-prumyslovych-budov\/\"><span class=\"fusion-column-inner-bg-image\" style=\"background-color:#4e4832;background-position:center center;background-repeat:no-repeat;-webkit-background-size:cover;-moz-background-size:cover;-o-background-size:cover;background-size:cover;\"><\/span><\/a><\/span><style type=\"text\/css\">.fusion-body .fusion-builder-column-4{width:33.333333333333% !important;margin-top : 0px;margin-bottom : 20px;}.fusion-builder-column-4 > .fusion-column-wrapper {padding-top : 80px !important;padding-right : 27px !important;margin-right : 15px;padding-bottom : 0px !important;padding-left : 27px !important;margin-left : 15px;}.fusion-flex-container .fusion-row .fusion-builder-column-4 > .fusion-column-inner-bg { margin-right:15px;margin-left:15px; }@media only screen and (max-width:1024px) {.fusion-body .fusion-builder-column-4{width:50% !important;order : 0;}.fusion-builder-column-4 > .fusion-column-wrapper {margin-right : 15px;margin-left : 15px;}.fusion-flex-container .fusion-row .fusion-builder-column-4 > .fusion-column-inner-bg { margin-right:15px;margin-left:15px; }}@media only screen and (max-width:640px) {.fusion-body .fusion-builder-column-4{width:100% !important;order : 0;}.fusion-builder-column-4 > .fusion-column-wrapper {margin-right : 1.92%;margin-left : 1.92%;}.fusion-flex-container .fusion-row .fusion-builder-column-4 > .fusion-column-inner-bg { margin-right:1.92%;margin-left:1.92%; }}<\/style><\/div><div class=\"fusion-layout-column fusion_builder_column fusion-builder-column-5 fusion_builder_column_1_3 1_3 fusion-flex-column sluzbax fusion-column-inner-bg-wrapper fusion-animated\" data-animationType=\"fadeInLeft\" data-animationDuration=\"0.7\" data-animationOffset=\"top-into-view\"><div class=\"fusion-column-wrapper fusion-flex-justify-content-flex-start fusion-content-layout-column\" style=\"padding: 80px 27px 0px 27px;\"><div style=\"text-align:center;\"><span class=\" fusion-imageframe imageframe-none imageframe-4 hover-type-none\"><img decoding=\"async\" width=\"68\" height=\"68\" title=\"IC-4\" src=\"http:\/\/refra.posunemevasvys.cz\/wp-content\/uploads\/2021\/09\/IC-4.png\" class=\"img-responsive wp-image-455\" srcset=\"http:\/\/refra.posunemevasvys.cz\/wp-content\/uploads\/2021\/09\/IC-4-66x66.png 66w, http:\/\/refra.posunemevasvys.cz\/wp-content\/uploads\/2021\/09\/IC-4.png 68w\" sizes=\"(max-width: 68px) 100vw, 68px\" \/><\/span><\/div><div class=\"fusion-separator fusion-full-width-sep\" style=\"align-self: center;margin-left: auto;margin-right: auto;margin-bottom:30px;width:100%;\"><\/div><style type=\"text\/css\">@media only screen and (max-width:1024px) {.fusion-title.fusion-title-3{margin-top:10px!important; margin-right:0px!important;margin-bottom:15px!important;margin-left:0px!important;}}@media only screen and (max-width:640px) {.fusion-title.fusion-title-3{margin-top:10px!important; margin-right:0px!important;margin-bottom:10px!important; margin-left:0px!important;}}<\/style><div class=\"fusion-title title fusion-title-3 fusion-sep-none fusion-title-center fusion-title-text fusion-title-size-two\" style=\"margin-top:10px;margin-right:0px;margin-bottom:15px;margin-left:0px;\"><h2 class=\"title-heading-center\" style=\"margin:0;color:#f6e8ce;\">Supply and installation of steel structures<\/h2><\/div><div class=\"fusion-separator fusion-full-width-sep\" style=\"align-self: center;margin-left: auto;margin-right: auto;margin-bottom:30px;width:100%;\"><\/div><div class=\"new-in\">\n<p class=\"nadpis\">Description of the service<\/p>\n<p style=\"font-size: 15px;\">This is a complex process that requires careful planning, coordination and reliable implementation. This process is critical for a variety of construction projects including buildings, bridges and industrial facilities.<\/p>\n<a href=\"\/demolicni-prace\/\" class=\"proklik\">More information <i class=\"fa-external-link-alt fas\"><\/i><\/a>\n<\/div><\/div><span class=\"fusion-column-inner-bg hover-type-none\"><a class=\"fusion-column-anchor\" href=\"http:\/\/refra.posunemevasvys.cz\/dodavky-a-montaz-ocelovych-konstrukci\/\/\"><span class=\"fusion-column-inner-bg-image\" style=\"background-color:#4e4832;background-position:center center;background-repeat:no-repeat;-webkit-background-size:cover;-moz-background-size:cover;-o-background-size:cover;background-size:cover;\"><\/span><\/a><\/span><style type=\"text\/css\">.fusion-body .fusion-builder-column-5{width:33.333333333333% !important;margin-top : 0px;margin-bottom : 20px;}.fusion-builder-column-5 > .fusion-column-wrapper {padding-top : 80px !important;padding-right : 27px !important;margin-right : 15px;padding-bottom : 0px !important;padding-left : 27px !important;margin-left : 15px;}.fusion-flex-container .fusion-row .fusion-builder-column-5 > .fusion-column-inner-bg { margin-right:15px;margin-left:15px; }@media only screen and (max-width:1024px) {.fusion-body .fusion-builder-column-5{width:50% !important;order : 0;}.fusion-builder-column-5 > .fusion-column-wrapper {margin-right : 15px;margin-left : 15px;}.fusion-flex-container .fusion-row .fusion-builder-column-5 > .fusion-column-inner-bg { margin-right:15px;margin-left:15px; }}@media only screen and (max-width:640px) {.fusion-body .fusion-builder-column-5{width:100% !important;order : 0;}.fusion-builder-column-5 > .fusion-column-wrapper {margin-right : 1.92%;margin-left : 1.92%;}.fusion-flex-container .fusion-row .fusion-builder-column-5 > .fusion-column-inner-bg { margin-right:1.92%;margin-left:1.92%; }}<\/style><\/div><\/div><style type=\"text\/css\">.fusion-body .fusion-flex-container.fusion-builder-row-2{ padding-top : 60px;margin-top : 0px;padding-right : 0px;padding-bottom : 110px;margin-bottom : 0px;padding-left : 0px;}<\/style><\/div><\/div><\/p>\n","protected":false},"excerpt":{"rendered":"","protected":false},"author":1,"featured_media":0,"parent":0,"menu_order":0,"comment_status":"closed","ping_status":"closed","template":"100-width.php","meta":{"wp_mapbox_gl_js_media":[],"footnotes":""},"class_list":["post-538","page","type-page","status-publish","hentry"],"yoast_head":"<!-- This site is optimized with the Yoast SEO plugin v17.4 - https:\/\/yoast.com\/wordpress\/plugins\/seo\/ -->\n<title>Construction and demolition work - REFRAPROFI s.r.o.<\/title>\n<meta name=\"description\" content=\"Take advantage of our experience in the areas of rehabilitation of reinforced concrete structures, construction of industrial buildings and supply and installation of steel structures.\" \/>\n<meta name=\"robots\" content=\"noindex, follow, max-snippet:-1, max-image-preview:large, max-video-preview:-1\" \/>\n<meta property=\"og:locale\" content=\"en_US\" \/>\n<meta property=\"og:type\" content=\"article\" \/>\n<meta property=\"og:title\" content=\"Construction and demolition work - REFRAPROFI s.r.o.\" \/>\n<meta property=\"og:description\" content=\"Take advantage of our experience in the areas of rehabilitation of reinforced concrete structures, construction of industrial buildings and supply and installation of steel structures.\" \/>\n<meta property=\"og:url\" content=\"http:\/\/refra.posunemevasvys.cz\/en\/moisture-remediation\/\" \/>\n<meta property=\"og:site_name\" content=\"REFRAPROFI s.r.o.\" \/>\n<meta property=\"article:modified_time\" content=\"2024-03-13T07:42:55+00:00\" \/>\n<meta property=\"og:image\" content=\"http:\/\/refra.posunemevasvys.cz\/wp-content\/uploads\/2021\/10\/facebook.jpg\" \/>\n\t<meta property=\"og:image:width\" content=\"1111\" \/>\n\t<meta property=\"og:image:height\" content=\"552\" \/>\n<meta name=\"twitter:card\" content=\"summary_large_image\" \/>\n<meta name=\"twitter:label1\" content=\"Est. reading time\" \/>\n\t<meta name=\"twitter:data1\" content=\"20 minutes\" \/>\n<script type=\"application\/ld+json\" class=\"yoast-schema-graph\">{\"@context\":\"https:\/\/schema.org\",\"@graph\":[{\"@type\":\"WebSite\",\"@id\":\"http:\/\/refra.posunemevasvys.cz\/#website\",\"url\":\"http:\/\/refra.posunemevasvys.cz\/\",\"name\":\"REFRAPROFI s.r.o.\",\"description\":\"Dodovatel komplexn\\u00edch slu\\u017eeb, technologick\\u00fdch celk\\u016f a za\\u0159\\u00edzen\\u00ed pro pr\\u016fmyslov\\u00e9 podniky\",\"potentialAction\":[{\"@type\":\"SearchAction\",\"target\":{\"@type\":\"EntryPoint\",\"urlTemplate\":\"http:\/\/refra.posunemevasvys.cz\/?s={search_term_string}\"},\"query-input\":\"required name=search_term_string\"}],\"inLanguage\":\"en-US\"},{\"@type\":\"WebPage\",\"@id\":\"http:\/\/refra.posunemevasvys.cz\/en\/moisture-remediation\/#webpage\",\"url\":\"http:\/\/refra.posunemevasvys.cz\/en\/moisture-remediation\/\",\"name\":\"Construction and demolition work - REFRAPROFI s.r.o.\",\"isPartOf\":{\"@id\":\"http:\/\/refra.posunemevasvys.cz\/#website\"},\"datePublished\":\"2023-02-22T10:55:02+00:00\",\"dateModified\":\"2024-03-13T07:42:55+00:00\",\"description\":\"Take advantage of our experience in the areas of rehabilitation of reinforced concrete structures, construction of industrial buildings and supply and installation of steel structures.\",\"breadcrumb\":{\"@id\":\"http:\/\/refra.posunemevasvys.cz\/en\/moisture-remediation\/#breadcrumb\"},\"inLanguage\":\"en-US\",\"potentialAction\":[{\"@type\":\"ReadAction\",\"target\":[\"http:\/\/refra.posunemevasvys.cz\/en\/moisture-remediation\/\"]}]},{\"@type\":\"BreadcrumbList\",\"@id\":\"http:\/\/refra.posunemevasvys.cz\/en\/moisture-remediation\/#breadcrumb\",\"itemListElement\":[{\"@type\":\"ListItem\",\"position\":1,\"name\":\"Dom\\u016f\",\"item\":\"http:\/\/refra.posunemevasvys.cz\/en\/home\/\"},{\"@type\":\"ListItem\",\"position\":2,\"name\":\"Construction and demolition work\"}]}]}<\/script>\n<!-- \/ Yoast SEO plugin. -->","yoast_head_json":{"title":"Construction and demolition work - REFRAPROFI s.r.o.","description":"Take advantage of our experience in the areas of rehabilitation of reinforced concrete structures, construction of industrial buildings and supply and installation of steel structures.","robots":{"index":"noindex","follow":"follow","max-snippet":"max-snippet:-1","max-image-preview":"max-image-preview:large","max-video-preview":"max-video-preview:-1"},"og_locale":"en_US","og_type":"article","og_title":"Construction and demolition work - REFRAPROFI s.r.o.","og_description":"Take advantage of our experience in the areas of rehabilitation of reinforced concrete structures, construction of industrial buildings and supply and installation of steel structures.","og_url":"http:\/\/refra.posunemevasvys.cz\/en\/moisture-remediation\/","og_site_name":"REFRAPROFI s.r.o.","article_modified_time":"2024-03-13T07:42:55+00:00","og_image":[{"width":1111,"height":552,"url":"http:\/\/refra.posunemevasvys.cz\/wp-content\/uploads\/2021\/10\/facebook.jpg","type":"image\/jpeg"}],"twitter_card":"summary_large_image","twitter_misc":{"Est. reading time":"20 minutes"},"schema":{"@context":"https:\/\/schema.org","@graph":[{"@type":"WebSite","@id":"http:\/\/refra.posunemevasvys.cz\/#website","url":"http:\/\/refra.posunemevasvys.cz\/","name":"REFRAPROFI s.r.o.","description":"Dodovatel komplexn\u00edch slu\u017eeb, technologick\u00fdch celk\u016f a za\u0159\u00edzen\u00ed pro pr\u016fmyslov\u00e9 podniky","potentialAction":[{"@type":"SearchAction","target":{"@type":"EntryPoint","urlTemplate":"http:\/\/refra.posunemevasvys.cz\/?s={search_term_string}"},"query-input":"required name=search_term_string"}],"inLanguage":"en-US"},{"@type":"WebPage","@id":"http:\/\/refra.posunemevasvys.cz\/en\/moisture-remediation\/#webpage","url":"http:\/\/refra.posunemevasvys.cz\/en\/moisture-remediation\/","name":"Construction and demolition work - REFRAPROFI s.r.o.","isPartOf":{"@id":"http:\/\/refra.posunemevasvys.cz\/#website"},"datePublished":"2023-02-22T10:55:02+00:00","dateModified":"2024-03-13T07:42:55+00:00","description":"Take advantage of our experience in the areas of rehabilitation of reinforced concrete structures, construction of industrial buildings and supply and installation of steel structures.","breadcrumb":{"@id":"http:\/\/refra.posunemevasvys.cz\/en\/moisture-remediation\/#breadcrumb"},"inLanguage":"en-US","potentialAction":[{"@type":"ReadAction","target":["http:\/\/refra.posunemevasvys.cz\/en\/moisture-remediation\/"]}]},{"@type":"BreadcrumbList","@id":"http:\/\/refra.posunemevasvys.cz\/en\/moisture-remediation\/#breadcrumb","itemListElement":[{"@type":"ListItem","position":1,"name":"Dom\u016f","item":"http:\/\/refra.posunemevasvys.cz\/en\/home\/"},{"@type":"ListItem","position":2,"name":"Construction and demolition work"}]}]}},"_links":{"self":[{"href":"http:\/\/refra.posunemevasvys.cz\/en\/wp-json\/wp\/v2\/pages\/538","targetHints":{"allow":["GET"]}}],"collection":[{"href":"http:\/\/refra.posunemevasvys.cz\/en\/wp-json\/wp\/v2\/pages"}],"about":[{"href":"http:\/\/refra.posunemevasvys.cz\/en\/wp-json\/wp\/v2\/types\/page"}],"author":[{"embeddable":true,"href":"http:\/\/refra.posunemevasvys.cz\/en\/wp-json\/wp\/v2\/users\/1"}],"replies":[{"embeddable":true,"href":"http:\/\/refra.posunemevasvys.cz\/en\/wp-json\/wp\/v2\/comments?post=538"}],"version-history":[{"count":10,"href":"http:\/\/refra.posunemevasvys.cz\/en\/wp-json\/wp\/v2\/pages\/538\/revisions"}],"predecessor-version":[{"id":1475,"href":"http:\/\/refra.posunemevasvys.cz\/en\/wp-json\/wp\/v2\/pages\/538\/revisions\/1475"}],"wp:attachment":[{"href":"http:\/\/refra.posunemevasvys.cz\/en\/wp-json\/wp\/v2\/media?parent=538"}],"curies":[{"name":"wp","href":"https:\/\/api.w.org\/{rel}","templated":true}]}}