{"id":1392,"date":"2024-03-12T09:14:56","date_gmt":"2024-03-12T08:14:56","guid":{"rendered":"http:\/\/refra.posunemevasvys.cz\/industrial-buildings\/industrial-coatings\/"},"modified":"2024-03-13T08:46:06","modified_gmt":"2024-03-13T07:46:06","slug":"industrial-coatings","status":"publish","type":"page","link":"http:\/\/refra.posunemevasvys.cz\/en\/industrial-buildings\/industrial-coatings\/","title":{"rendered":"Industrial coatings"},"content":{"rendered":"<div class=\"fusion-fullwidth fullwidth-box fusion-builder-row-1 fusion-flex-container nonhundred-percent-fullwidth non-hundred-percent-height-scrolling\" style=\"background-color: rgba(255,255,255,0);background-position: center center;background-repeat: no-repeat;border-width: 0px 0px 0px 0px;border-color:#e2e2e2;border-style:solid;\" ><div class=\"fusion-builder-row fusion-row fusion-flex-align-items-flex-start\" style=\"max-width:1248px;margin-left: calc(-4% \/ 2 );margin-right: calc(-4% \/ 2 );\"><div class=\"fusion-layout-column fusion_builder_column fusion-builder-column-0 fusion_builder_column_1_1 1_1 fusion-flex-column\"><div class=\"fusion-column-wrapper fusion-flex-justify-content-flex-start fusion-content-layout-column\" style=\"background-position:left top;background-repeat:no-repeat;-webkit-background-size:cover;-moz-background-size:cover;-o-background-size:cover;background-size:cover;padding: 0px 0px 0px 0px;\"><div class=\"fusion-text fusion-text-1\"><p>Anti-corrosion treatment of steel structures is essential to ensure their longevity and structural integrity. Steel, although a&nbsp;strong and versatile structural material, is susceptible to corrosion when exposed to certain environments, especially those with moisture, salt and chemicals. Effective anti-corrosion treatments can significantly extend the life of steel structures such as bridges, buildings, industrial plants and marine structures.<\/p>\n<\/div><div class=\"fusion-separator fusion-full-width-sep\" style=\"align-self: center;margin-left: auto;margin-right: auto;margin-top:15px;margin-bottom:15px;width:100%;\"><\/div><style type=\"text\/css\">@media only screen and (max-width:1024px) {.fusion-title.fusion-title-1{margin-top:10px!important; margin-right:0px!important;margin-bottom:15px!important;margin-left:0px!important;}}@media only screen and (max-width:640px) {.fusion-title.fusion-title-1{margin-top:10px!important; margin-right:0px!important;margin-bottom:10px!important; margin-left:0px!important;}}<\/style><div class=\"fusion-title title fusion-title-1 fusion-sep-none fusion-title-center fusion-title-text fusion-title-size-two\" style=\"margin-top:10px;margin-right:0px;margin-bottom:15px;margin-left:0px;\"><h2 class=\"title-heading-center\" style=\"margin:0;\"><h3 style=\"text-align: left;\"><strong>1. Surface preparation<\/strong><\/h3><\/h2><\/div><div class=\"fusion-text fusion-text-2\"><p><strong>Cleaning:<\/strong> the steel surface must be thoroughly cleaned to remove rust, scale, dirt, oil and other contaminants. This is often done by methods such as sandblasting, power tool cleaning or chemical cleaning.<\/p>\n<p><strong>Profiling:<\/strong> creating a&nbsp;surface profile can help protective coatings adhere better. Abrasive blasting is commonly used to achieve the desired surface texture.<\/p>\n<\/div><div class=\"fusion-separator fusion-full-width-sep\" style=\"align-self: center;margin-left: auto;margin-right: auto;margin-top:15px;margin-bottom:15px;width:100%;\"><\/div><style type=\"text\/css\">@media only screen and (max-width:1024px) {.fusion-title.fusion-title-2{margin-top:10px!important; margin-right:0px!important;margin-bottom:15px!important;margin-left:0px!important;}}@media only screen and (max-width:640px) {.fusion-title.fusion-title-2{margin-top:10px!important; margin-right:0px!important;margin-bottom:10px!important; margin-left:0px!important;}}<\/style><div class=\"fusion-title title fusion-title-2 fusion-sep-none fusion-title-center fusion-title-text fusion-title-size-two\" style=\"margin-top:10px;margin-right:0px;margin-bottom:15px;margin-left:0px;\"><h2 class=\"title-heading-center\" style=\"margin:0;\"><h3 style=\"text-align: left;\"><strong>2. Applying the primer<\/strong><\/h3><\/h2><\/div><div class=\"fusion-text fusion-text-3\"><p><strong>Applying the primer:<\/strong> A&nbsp;corrosion-preventing primer is applied as the first layer of protection. Primers are specially formulated to provide a&nbsp;good bonding surface for subsequent coatings and prevent rust formation.<\/p>\n<p><strong>Types of primers:<\/strong> common types include epoxy primers, zinc-rich primers and inorganic zinc silicate primers. The choice of primer depends on the specific environmental conditions and the type of topcoat used.<\/p>\n<\/div><div class=\"fusion-separator fusion-full-width-sep\" style=\"align-self: center;margin-left: auto;margin-right: auto;margin-top:15px;margin-bottom:15px;width:100%;\"><\/div><style type=\"text\/css\">@media only screen and (max-width:1024px) {.fusion-title.fusion-title-3{margin-top:10px!important; margin-right:0px!important;margin-bottom:15px!important;margin-left:0px!important;}}@media only screen and (max-width:640px) {.fusion-title.fusion-title-3{margin-top:10px!important; margin-right:0px!important;margin-bottom:10px!important; margin-left:0px!important;}}<\/style><div class=\"fusion-title title fusion-title-3 fusion-sep-none fusion-title-center fusion-title-text fusion-title-size-two\" style=\"margin-top:10px;margin-right:0px;margin-bottom:15px;margin-left:0px;\"><h2 class=\"title-heading-center\" style=\"margin:0;\"><h3 style=\"text-align: left;\"><strong>3. Paint application<\/strong><\/h3><\/h2><\/div><div class=\"fusion-text fusion-text-4\"><p><strong>Choice of coating:<\/strong> the choice of coating depends on the environment where the steel structure is located. Common options include epoxy coatings, polyurethane coatings and alkyd coatings.<\/p>\n<p><strong>Application Methods:<\/strong> Coatings can be applied by brush, roller or spraying device. The method chosen often depends on the size of the structure and the type of coating.<\/p>\n<p><strong>Multiple coats:<\/strong> often multiple coats are applied to ensure complete coverage and optimum thickness.<\/p>\n<\/div><div class=\"fusion-separator fusion-full-width-sep\" style=\"align-self: center;margin-left: auto;margin-right: auto;margin-top:15px;margin-bottom:15px;width:100%;\"><\/div><\/div><style type=\"text\/css\">.fusion-body .fusion-builder-column-0{width:100% !important;margin-top : 0px;margin-bottom : 20px;}.fusion-builder-column-0 > .fusion-column-wrapper {padding-top : 0px !important;padding-right : 0px !important;margin-right : 1.92%;padding-bottom : 0px !important;padding-left : 0px !important;margin-left : 1.92%;}@media only screen and (max-width:1024px) {.fusion-body .fusion-builder-column-0{width:100% !important;order : 0;}.fusion-builder-column-0 > .fusion-column-wrapper {margin-right : 1.92%;margin-left : 1.92%;}}@media only screen and (max-width:640px) {.fusion-body .fusion-builder-column-0{width:100% !important;order : 0;}.fusion-builder-column-0 > .fusion-column-wrapper {margin-right : 1.92%;margin-left : 1.92%;}}<\/style><\/div><\/div><style type=\"text\/css\">.fusion-body .fusion-flex-container.fusion-builder-row-1{ padding-top : 40px;margin-top : 0;padding-right : 0px;padding-bottom : 0px;margin-bottom : 0px;padding-left : 0px;}<\/style><\/div>\n","protected":false},"excerpt":{"rendered":"","protected":false},"author":2,"featured_media":0,"parent":542,"menu_order":2,"comment_status":"closed","ping_status":"closed","template":"100-width.php","meta":{"wp_mapbox_gl_js_media":[],"footnotes":""},"class_list":["post-1392","page","type-page","status-publish","hentry"],"yoast_head":"<!-- This site is optimized with the Yoast SEO plugin v17.4 - https:\/\/yoast.com\/wordpress\/plugins\/seo\/ -->\n<title>Industrial coatings - REFRAPROFI s.r.o.<\/title>\n<meta name=\"description\" content=\"High-quality coatings of structures are the basis for their long service life. Take advantage of our many years of experience in coating steel structures.\" \/>\n<meta name=\"robots\" content=\"noindex, follow, max-snippet:-1, max-image-preview:large, max-video-preview:-1\" \/>\n<meta property=\"og:locale\" content=\"en_US\" \/>\n<meta property=\"og:type\" content=\"article\" \/>\n<meta property=\"og:title\" content=\"Industrial coatings - REFRAPROFI s.r.o.\" \/>\n<meta property=\"og:description\" content=\"High-quality coatings of structures are the basis for their long service life. Take advantage of our many years of experience in coating steel structures.\" \/>\n<meta property=\"og:url\" content=\"http:\/\/refra.posunemevasvys.cz\/en\/industrial-buildings\/industrial-coatings\/\" \/>\n<meta property=\"og:site_name\" content=\"REFRAPROFI s.r.o.\" \/>\n<meta property=\"article:modified_time\" content=\"2024-03-13T07:46:06+00:00\" \/>\n<meta property=\"og:image\" content=\"http:\/\/refra.posunemevasvys.cz\/wp-content\/uploads\/2021\/10\/facebook.jpg\" \/>\n\t<meta property=\"og:image:width\" content=\"1111\" \/>\n\t<meta property=\"og:image:height\" content=\"552\" \/>\n<meta name=\"twitter:card\" content=\"summary_large_image\" \/>\n<meta name=\"twitter:label1\" content=\"Est. reading time\" \/>\n\t<meta name=\"twitter:data1\" content=\"9 minutes\" \/>\n<script type=\"application\/ld+json\" class=\"yoast-schema-graph\">{\"@context\":\"https:\/\/schema.org\",\"@graph\":[{\"@type\":\"WebSite\",\"@id\":\"http:\/\/refra.posunemevasvys.cz\/#website\",\"url\":\"http:\/\/refra.posunemevasvys.cz\/\",\"name\":\"REFRAPROFI s.r.o.\",\"description\":\"Dodovatel komplexn\\u00edch slu\\u017eeb, technologick\\u00fdch celk\\u016f a za\\u0159\\u00edzen\\u00ed pro pr\\u016fmyslov\\u00e9 podniky\",\"potentialAction\":[{\"@type\":\"SearchAction\",\"target\":{\"@type\":\"EntryPoint\",\"urlTemplate\":\"http:\/\/refra.posunemevasvys.cz\/?s={search_term_string}\"},\"query-input\":\"required name=search_term_string\"}],\"inLanguage\":\"en-US\"},{\"@type\":\"WebPage\",\"@id\":\"http:\/\/refra.posunemevasvys.cz\/en\/industrial-buildings\/industrial-coatings\/#webpage\",\"url\":\"http:\/\/refra.posunemevasvys.cz\/en\/industrial-buildings\/industrial-coatings\/\",\"name\":\"Industrial coatings - REFRAPROFI s.r.o.\",\"isPartOf\":{\"@id\":\"http:\/\/refra.posunemevasvys.cz\/#website\"},\"datePublished\":\"2024-03-12T08:14:56+00:00\",\"dateModified\":\"2024-03-13T07:46:06+00:00\",\"description\":\"High-quality coatings of structures are the basis for their long service life. Take advantage of our many years of experience in coating steel structures.\",\"breadcrumb\":{\"@id\":\"http:\/\/refra.posunemevasvys.cz\/en\/industrial-buildings\/industrial-coatings\/#breadcrumb\"},\"inLanguage\":\"en-US\",\"potentialAction\":[{\"@type\":\"ReadAction\",\"target\":[\"http:\/\/refra.posunemevasvys.cz\/en\/industrial-buildings\/industrial-coatings\/\"]}]},{\"@type\":\"BreadcrumbList\",\"@id\":\"http:\/\/refra.posunemevasvys.cz\/en\/industrial-buildings\/industrial-coatings\/#breadcrumb\",\"itemListElement\":[{\"@type\":\"ListItem\",\"position\":1,\"name\":\"Dom\\u016f\",\"item\":\"http:\/\/refra.posunemevasvys.cz\/en\/home\/\"},{\"@type\":\"ListItem\",\"position\":2,\"name\":\"Mechanical and technological assembly\",\"item\":\"http:\/\/refra.posunemevasvys.cz\/en\/industrial-buildings\/\"},{\"@type\":\"ListItem\",\"position\":3,\"name\":\"Industrial coatings\"}]}]}<\/script>\n<!-- \/ Yoast SEO plugin. -->","yoast_head_json":{"title":"Industrial coatings - REFRAPROFI s.r.o.","description":"High-quality coatings of structures are the basis for their long service life. Take advantage of our many years of experience in coating steel structures.","robots":{"index":"noindex","follow":"follow","max-snippet":"max-snippet:-1","max-image-preview":"max-image-preview:large","max-video-preview":"max-video-preview:-1"},"og_locale":"en_US","og_type":"article","og_title":"Industrial coatings - REFRAPROFI s.r.o.","og_description":"High-quality coatings of structures are the basis for their long service life. Take advantage of our many years of experience in coating steel structures.","og_url":"http:\/\/refra.posunemevasvys.cz\/en\/industrial-buildings\/industrial-coatings\/","og_site_name":"REFRAPROFI s.r.o.","article_modified_time":"2024-03-13T07:46:06+00:00","og_image":[{"width":1111,"height":552,"url":"http:\/\/refra.posunemevasvys.cz\/wp-content\/uploads\/2021\/10\/facebook.jpg","type":"image\/jpeg"}],"twitter_card":"summary_large_image","twitter_misc":{"Est. reading time":"9 minutes"},"schema":{"@context":"https:\/\/schema.org","@graph":[{"@type":"WebSite","@id":"http:\/\/refra.posunemevasvys.cz\/#website","url":"http:\/\/refra.posunemevasvys.cz\/","name":"REFRAPROFI s.r.o.","description":"Dodovatel komplexn\u00edch slu\u017eeb, technologick\u00fdch celk\u016f a za\u0159\u00edzen\u00ed pro pr\u016fmyslov\u00e9 podniky","potentialAction":[{"@type":"SearchAction","target":{"@type":"EntryPoint","urlTemplate":"http:\/\/refra.posunemevasvys.cz\/?s={search_term_string}"},"query-input":"required name=search_term_string"}],"inLanguage":"en-US"},{"@type":"WebPage","@id":"http:\/\/refra.posunemevasvys.cz\/en\/industrial-buildings\/industrial-coatings\/#webpage","url":"http:\/\/refra.posunemevasvys.cz\/en\/industrial-buildings\/industrial-coatings\/","name":"Industrial coatings - REFRAPROFI s.r.o.","isPartOf":{"@id":"http:\/\/refra.posunemevasvys.cz\/#website"},"datePublished":"2024-03-12T08:14:56+00:00","dateModified":"2024-03-13T07:46:06+00:00","description":"High-quality coatings of structures are the basis for their long service life. Take advantage of our many years of experience in coating steel structures.","breadcrumb":{"@id":"http:\/\/refra.posunemevasvys.cz\/en\/industrial-buildings\/industrial-coatings\/#breadcrumb"},"inLanguage":"en-US","potentialAction":[{"@type":"ReadAction","target":["http:\/\/refra.posunemevasvys.cz\/en\/industrial-buildings\/industrial-coatings\/"]}]},{"@type":"BreadcrumbList","@id":"http:\/\/refra.posunemevasvys.cz\/en\/industrial-buildings\/industrial-coatings\/#breadcrumb","itemListElement":[{"@type":"ListItem","position":1,"name":"Dom\u016f","item":"http:\/\/refra.posunemevasvys.cz\/en\/home\/"},{"@type":"ListItem","position":2,"name":"Mechanical and technological assembly","item":"http:\/\/refra.posunemevasvys.cz\/en\/industrial-buildings\/"},{"@type":"ListItem","position":3,"name":"Industrial coatings"}]}]}},"_links":{"self":[{"href":"http:\/\/refra.posunemevasvys.cz\/en\/wp-json\/wp\/v2\/pages\/1392","targetHints":{"allow":["GET"]}}],"collection":[{"href":"http:\/\/refra.posunemevasvys.cz\/en\/wp-json\/wp\/v2\/pages"}],"about":[{"href":"http:\/\/refra.posunemevasvys.cz\/en\/wp-json\/wp\/v2\/types\/page"}],"author":[{"embeddable":true,"href":"http:\/\/refra.posunemevasvys.cz\/en\/wp-json\/wp\/v2\/users\/2"}],"replies":[{"embeddable":true,"href":"http:\/\/refra.posunemevasvys.cz\/en\/wp-json\/wp\/v2\/comments?post=1392"}],"version-history":[{"count":4,"href":"http:\/\/refra.posunemevasvys.cz\/en\/wp-json\/wp\/v2\/pages\/1392\/revisions"}],"predecessor-version":[{"id":1508,"href":"http:\/\/refra.posunemevasvys.cz\/en\/wp-json\/wp\/v2\/pages\/1392\/revisions\/1508"}],"up":[{"embeddable":true,"href":"http:\/\/refra.posunemevasvys.cz\/en\/wp-json\/wp\/v2\/pages\/542"}],"wp:attachment":[{"href":"http:\/\/refra.posunemevasvys.cz\/en\/wp-json\/wp\/v2\/media?parent=1392"}],"curies":[{"name":"wp","href":"https:\/\/api.w.org\/{rel}","templated":true}]}}