{"id":612,"date":"2023-02-22T15:42:30","date_gmt":"2023-02-22T14:42:30","guid":{"rendered":"http:\/\/refra.posunemevasvys.cz\/kontakt\/"},"modified":"2024-03-12T10:26:29","modified_gmt":"2024-03-12T09:26:29","slug":"kontakt","status":"publish","type":"page","link":"http:\/\/refra.posunemevasvys.cz\/de\/kontakt\/","title":{"rendered":"Kontakt"},"content":{"rendered":"<p><div class=\"fusion-fullwidth fullwidth-box fusion-builder-row-1 fusion-flex-container nonhundred-percent-fullwidth non-hundred-percent-height-scrolling\" style=\"background-color: rgba(255,255,255,0);background-position: center center;background-repeat: no-repeat;border-width: 0px 0px 0px 0px;border-color:#e2e2e2;border-style:solid;\" ><div class=\"fusion-builder-row fusion-row fusion-flex-align-items-flex-start\" style=\"max-width:1248px;margin-left: calc(-4% \/ 2 );margin-right: calc(-4% \/ 2 );\"><div class=\"fusion-layout-column fusion_builder_column fusion-builder-column-0 fusion_builder_column_1_1 1_1 fusion-flex-column\"><div class=\"fusion-column-wrapper fusion-flex-justify-content-flex-start fusion-content-layout-column\" style=\"background-position:left top;background-repeat:no-repeat;-webkit-background-size:cover;-moz-background-size:cover;-o-background-size:cover;background-size:cover;padding: 0px 0px 0px 0px;\"><div class=\"fusion-text fusion-text-1\"><h2>Wo finden Sie uns<\/h2>\n<\/div><div class=\"fusion-separator fusion-full-width-sep\" style=\"align-self: center;margin-left: auto;margin-right: auto;margin-bottom:23px;width:100%;\"><\/div><div class=\"fusion-text fusion-text-2\"><p>Wir haben unseren Sitz in der Region Mittelb\u00f6hmen in der Gemeinde Vysok\u00fd \u00dajezd, ganz in der N\u00e4he der Hauptstadt Prag. Wir haben auch Lager-, Produktions- und Verwaltungsr\u00e4ume im Industriepark Le\u010d \u2013 Lite\u0148. Hier haben wir alle notwendigen Einrichtungen zur Lagerung von Maschinen, Ger\u00e4ten und Materialien.<\/p>\n<\/div><\/div><style type=\"text\/css\">.fusion-body .fusion-builder-column-0{width:100% !important;margin-top : 0px;margin-bottom : 20px;}.fusion-builder-column-0 > .fusion-column-wrapper {padding-top : 0px !important;padding-right : 0px !important;margin-right : 1.92%;padding-bottom : 0px !important;padding-left : 0px !important;margin-left : 1.92%;}@media only screen and (max-width:1024px) {.fusion-body .fusion-builder-column-0{width:100% !important;order : 0;}.fusion-builder-column-0 > .fusion-column-wrapper {margin-right : 1.92%;margin-left : 1.92%;}}@media only screen and (max-width:640px) {.fusion-body .fusion-builder-column-0{width:100% !important;order : 0;}.fusion-builder-column-0 > .fusion-column-wrapper {margin-right : 1.92%;margin-left : 1.92%;}}<\/style><\/div><\/div><style type=\"text\/css\">.fusion-body .fusion-flex-container.fusion-builder-row-1{ padding-top : 40px;margin-top : 0px;padding-right : 0px;padding-bottom : 40px;margin-bottom : 0px;padding-left : 0px;}<\/style><\/div><div class=\"fusion-fullwidth fullwidth-box fusion-builder-row-2 fusion-flex-container nonhundred-percent-fullwidth non-hundred-percent-height-scrolling\" style=\"background-color: rgba(255,255,255,0);background-position: center center;background-repeat: no-repeat;border-width: 0px 0px 0px 0px;border-color:#e2e2e2;border-style:solid;\" ><div class=\"fusion-builder-row fusion-row fusion-flex-align-items-flex-start\" style=\"max-width:1248px;margin-left: calc(-4% \/ 2 );margin-right: calc(-4% \/ 2 );\"><div class=\"fusion-layout-column fusion_builder_column fusion-builder-column-1 fusion_builder_column_1_3 1_3 fusion-flex-column fusion-flex-align-self-stretch\"><div class=\"fusion-column-wrapper fusion-flex-justify-content-flex-start fusion-content-layout-column\" style=\"background-position:left top;background-repeat:no-repeat;-webkit-background-size:cover;-moz-background-size:cover;-o-background-size:cover;background-size:cover;background-color:#4e4832;padding: 45px 45px 45px 45px;\"><style type=\"text\/css\">@media only screen and (max-width:1024px) {.fusion-title.fusion-title-1{margin-top:10px!important; margin-right:0px!important;margin-bottom:15px!important;margin-left:0px!important;}}@media only screen and (max-width:640px) {.fusion-title.fusion-title-1{margin-top:10px!important; margin-right:0px!important;margin-bottom:10px!important; margin-left:0px!important;}}<\/style><div class=\"fusion-title title fusion-title-1 fusion-sep-none fusion-title-center fusion-title-text fusion-title-size-three\" style=\"margin-top:10px;margin-right:0px;margin-bottom:15px;margin-left:0px;\"><h3 class=\"title-heading-center md-text-align-left\" style=\"margin:0;color:#f6e8ce;\">Firmensitz<\/h3><\/div><div class=\"fusion-text fusion-text-3 md-text-align-left\" style=\"text-align:center;color:#ed9907;\"><p><strong>REFRAPROFI s.r.o.<\/strong><\/p>\n<\/div><ul class=\"fusion-checklist fusion-checklist-1\" style=\"font-size:19px;line-height:32.3px;\"><li class=\"fusion-li-item\"><span style=\"height:32.3px;width:32.3px;margin-right:13.3px;\" class=\"icon-wrapper circle-no\"><i class=\"fusion-li-icon fa-map-marker-alt fas\" style=\"color:#ed9907;\" aria-hidden=\"true\"><\/i><\/span><div class=\"fusion-li-item-content\" style=\"margin-left:45.6px;\">\n<p><span style=\"color: #ffffff;\">V Chaloupk\u00e1ch 60,<\/span><br \/>\n<span style=\"color: #ffffff;\">267&nbsp;16 Vysok\u00fd \u00dajezd<\/span><\/p>\n<\/div><\/li><li class=\"fusion-li-item\"><span style=\"height:32.3px;width:32.3px;margin-right:13.3px;\" class=\"icon-wrapper circle-no\"><i class=\"fusion-li-icon fa-phone-alt fas\" style=\"color:#ed9907;\" aria-hidden=\"true\"><\/i><\/span><div class=\"fusion-li-item-content\" style=\"margin-left:45.6px;\"><span style=\"color: #ffffff;\"><a style=\"color: #ffffff;\" href=\"tel:+420777551726\">+420&nbsp;777&nbsp;551&nbsp;726<\/a><\/span><\/div><\/li><\/ul><\/div><style type=\"text\/css\">.fusion-body .fusion-builder-column-1{width:33.333333333333% !important;margin-top : 0px;margin-bottom : 20px;}.fusion-builder-column-1 > .fusion-column-wrapper {padding-top : 45px !important;padding-right : 45px !important;margin-right : 5.76%;padding-bottom : 45px !important;padding-left : 45px !important;margin-left : 5.76%;}@media only screen and (max-width:1024px) {.fusion-body .fusion-builder-column-1{width:100% !important;order : 0;}.fusion-builder-column-1 > .fusion-column-wrapper {margin-right : 1.92%;margin-left : 1.92%;}}@media only screen and (max-width:640px) {.fusion-body .fusion-builder-column-1{width:100% !important;order : 0;}.fusion-builder-column-1 > .fusion-column-wrapper {margin-right : 1.92%;margin-left : 1.92%;}}<\/style><\/div><div class=\"fusion-layout-column fusion_builder_column fusion-builder-column-2 fusion_builder_column_1_3 1_3 fusion-flex-column fusion-flex-align-self-stretch\"><div class=\"fusion-column-wrapper fusion-flex-justify-content-flex-start fusion-content-layout-column\" style=\"background-position:left top;background-repeat:no-repeat;-webkit-background-size:cover;-moz-background-size:cover;-o-background-size:cover;background-size:cover;background-color:#4e4832;padding: 45px 45px 45px 45px;\"><style type=\"text\/css\">@media only screen and (max-width:1024px) {.fusion-title.fusion-title-2{margin-top:10px!important; margin-right:0px!important;margin-bottom:15px!important;margin-left:0px!important;}}@media only screen and (max-width:640px) {.fusion-title.fusion-title-2{margin-top:10px!important; margin-right:0px!important;margin-bottom:10px!important; margin-left:0px!important;}}<\/style><div class=\"fusion-title title fusion-title-2 fusion-sep-none fusion-title-center fusion-title-text fusion-title-size-three\" style=\"margin-top:10px;margin-right:0px;margin-bottom:15px;margin-left:0px;\"><h3 class=\"title-heading-center md-text-align-left\" style=\"margin:0;color:#f6e8ce;\">Firmensitz<\/h3><\/div><div class=\"fusion-text fusion-text-4 md-text-align-left\" style=\"text-align:center;color:#ed9907;\"><p><strong>Ing. Pavel Vajda<\/strong><\/p>\n<\/div><div class=\"fusion-text fusion-text-5 md-text-align-left\" style=\"text-align:center;color:#ed9907;\"><p><strong>Ji\u0159\u00ed \u0160tr\u00e9bl, DiS<\/strong><\/p>\n<\/div><ul class=\"fusion-checklist fusion-checklist-2\" style=\"font-size:19px;line-height:32.3px;\"><li class=\"fusion-li-item\"><span style=\"height:32.3px;width:32.3px;margin-right:13.3px;\" class=\"icon-wrapper circle-no\"><i class=\"fusion-li-icon fa-map-marker-alt fas\" style=\"color:#ed9907;\" aria-hidden=\"true\"><\/i><\/span><div class=\"fusion-li-item-content\" style=\"margin-left:45.6px;\">\n<p><span style=\"color: #ffffff;\">V Po\u0159ad\u00ed 394,<\/span><br \/>\n<span style=\"color: #ffffff;\">252&nbsp;26 T\u0159ebotov<\/span><\/p>\n<\/div><\/li><li class=\"fusion-li-item\"><span style=\"height:32.3px;width:32.3px;margin-right:13.3px;\" class=\"icon-wrapper circle-no\"><i class=\"fusion-li-icon fa-phone-alt fas\" style=\"color:#ed9907;\" aria-hidden=\"true\"><\/i><\/span><div class=\"fusion-li-item-content\" style=\"margin-left:45.6px;\"><span style=\"color: #ffffff;\"><a style=\"color: #ffffff;\" href=\"tel:+420739202939\">+420&nbsp;739&nbsp;202&nbsp;939<\/a><\/span><\/div><\/li><li class=\"fusion-li-item\"><span style=\"height:32.3px;width:32.3px;margin-right:13.3px;\" class=\"icon-wrapper circle-no\"><i class=\"fusion-li-icon fa-phone-alt fas\" style=\"color:#ed9907;\" aria-hidden=\"true\"><\/i><\/span><div class=\"fusion-li-item-content\" style=\"margin-left:45.6px;\"><span style=\"color: #ffffff;\"><a style=\"color: #ffffff;\" href=\"tel:+420777551726\">+420&nbsp;777&nbsp;551&nbsp;726<\/a><\/span><\/div><\/li><\/ul><\/div><style type=\"text\/css\">.fusion-body .fusion-builder-column-2{width:33.333333333333% !important;margin-top : 0px;margin-bottom : 20px;}.fusion-builder-column-2 > .fusion-column-wrapper {padding-top : 45px !important;padding-right : 45px !important;margin-right : 5.76%;padding-bottom : 45px !important;padding-left : 45px !important;margin-left : 5.76%;}@media only screen and (max-width:1024px) {.fusion-body .fusion-builder-column-2{width:100% !important;order : 0;}.fusion-builder-column-2 > .fusion-column-wrapper {margin-right : 1.92%;margin-left : 1.92%;}}@media only screen and (max-width:640px) {.fusion-body .fusion-builder-column-2{width:100% !important;order : 0;}.fusion-builder-column-2 > .fusion-column-wrapper {margin-right : 1.92%;margin-left : 1.92%;}}<\/style><\/div><div class=\"fusion-layout-column fusion_builder_column fusion-builder-column-3 fusion_builder_column_1_3 1_3 fusion-flex-column fusion-flex-align-self-stretch\"><div class=\"fusion-column-wrapper fusion-flex-justify-content-flex-start fusion-content-layout-column\" style=\"background-position:left top;background-repeat:no-repeat;-webkit-background-size:cover;-moz-background-size:cover;-o-background-size:cover;background-size:cover;background-color:#4e4832;padding: 45px 45px 45px 45px;\"><style type=\"text\/css\">@media only screen and (max-width:1024px) {.fusion-title.fusion-title-3{margin-top:10px!important; margin-right:0px!important;margin-bottom:15px!important;margin-left:0px!important;}}@media only screen and (max-width:640px) {.fusion-title.fusion-title-3{margin-top:10px!important; margin-right:0px!important;margin-bottom:10px!important; margin-left:0px!important;}}<\/style><div class=\"fusion-title title fusion-title-3 fusion-sep-none fusion-title-center fusion-title-text fusion-title-size-three\" style=\"margin-top:10px;margin-right:0px;margin-bottom:15px;margin-left:0px;\"><h3 class=\"title-heading-center md-text-align-left\" style=\"margin:0;color:#f6e8ce;\">Betriebsst\u00e4tte<\/h3><\/div><div class=\"fusion-text fusion-text-6 md-text-align-left\" style=\"text-align:center;color:#ed9907;\"><p><strong>Werkstatt und Lager<\/strong><\/p>\n<\/div><ul class=\"fusion-checklist fusion-checklist-3\" style=\"font-size:19px;line-height:32.3px;\"><li class=\"fusion-li-item\"><span style=\"height:32.3px;width:32.3px;margin-right:13.3px;\" class=\"icon-wrapper circle-no\"><i class=\"fusion-li-icon fa-map-marker-alt fas\" style=\"color:#ed9907;\" aria-hidden=\"true\"><\/i><\/span><div class=\"fusion-li-item-content\" style=\"margin-left:45.6px;\">\n<p><span style=\"color: #ffffff;\">Le\u010d 322,<br \/>\n267&nbsp;27, Le\u010d \u2013 Lite\u0148<\/span><\/p>\n<\/div><\/li><li class=\"fusion-li-item\"><span style=\"height:32.3px;width:32.3px;margin-right:13.3px;\" class=\"icon-wrapper circle-no\"><i class=\"fusion-li-icon fa-phone-alt fas\" style=\"color:#ed9907;\" aria-hidden=\"true\"><\/i><\/span><div class=\"fusion-li-item-content\" style=\"margin-left:45.6px;\">\n<p><span style=\"color: #ffffff;\"><a style=\"color: #ffffff;\" href=\"tel:+420737585757\">+420&nbsp;737&nbsp;585&nbsp;757<\/a><\/span><\/p>\n<\/div><\/li><\/ul><\/div><style type=\"text\/css\">.fusion-body .fusion-builder-column-3{width:33.333333333333% !important;margin-top : 0px;margin-bottom : 20px;}.fusion-builder-column-3 > .fusion-column-wrapper {padding-top : 45px !important;padding-right : 45px !important;margin-right : 5.76%;padding-bottom : 45px !important;padding-left : 45px !important;margin-left : 5.76%;}@media only screen and (max-width:1024px) {.fusion-body .fusion-builder-column-3{width:100% !important;order : 0;}.fusion-builder-column-3 > .fusion-column-wrapper {margin-right : 1.92%;margin-left : 1.92%;}}@media only screen and (max-width:640px) {.fusion-body .fusion-builder-column-3{width:100% !important;order : 0;}.fusion-builder-column-3 > .fusion-column-wrapper {margin-right : 1.92%;margin-left : 1.92%;}}<\/style><\/div><\/div><style type=\"text\/css\">.fusion-body .fusion-flex-container.fusion-builder-row-2{ padding-top : 0px;margin-top : 0px;padding-right : 0px;padding-bottom : 80px;margin-bottom : 0px;padding-left : 0px;}<\/style><\/div><div class=\"fusion-fullwidth fullwidth-box fusion-builder-row-3 fusion-flex-container hundred-percent-fullwidth non-hundred-percent-height-scrolling\" style=\"background-color: rgba(255,255,255,0);background-position: center center;background-repeat: no-repeat;border-width: 0px 0px 0px 0px;border-color:#e2e2e2;border-style:solid;\" ><div class=\"fusion-builder-row fusion-row fusion-flex-align-items-flex-start\" style=\"width:104% !important;max-width:104% !important;margin-left: calc(-4% \/ 2 );margin-right: calc(-4% \/ 2 );\"><div class=\"fusion-layout-column fusion_builder_column fusion-builder-column-4 fusion_builder_column_1_1 1_1 fusion-flex-column\"><div class=\"fusion-column-wrapper fusion-flex-justify-content-flex-start fusion-content-layout-column\" style=\"background-position:left top;background-repeat:no-repeat;-webkit-background-size:cover;-moz-background-size:cover;-o-background-size:cover;background-size:cover;padding: 0px 0px 0px 0px;\">\t\t\t\t<input type=\"hidden\" id=\"wp_mapbox_gl_js_wordpress_url\" value='http:\/\/refra.posunemevasvys.cz' \/>\n\t\t\t\t<input type=\"hidden\" id=\"wp_mapbox_gl_js_plugin_url\" value='http:\/\/refra.posunemevasvys.cz\/wp-content\/plugins' \/>\n\t\t\t\t<div\n\t\t\t\t\tid='wp_mapbox_gl_js_map-244210527'\n\t\t\t\t\tstyle='height:400px;width:100%'\n\t\t\t\t\tdata-center='14.203733984705,49.9920019938'\n\t\t\t\t\tdata-zoom='13.469317446131'\n\t\t\t\t\tdata-scroll-zoom='false'\n\t\t\t\t\tdata-pitch='0'\n\t\t\t\t\tdata-bearing='0'\n\t\t\t\t\tdata-style='mapbox:\/\/styles\/mapbox\/streets-v10'\n\t\t\t\t\tdata-controls='{\"navigation\":true,\"geocoder\":false,\"fullscreen\":true,\"scale\":false,\"directions\":false,\"scrollZoom\":false,\"categoryFilter\":false,\"layerFilter\":false,\"preFillInput\":false,\"geolocaterControl\":false,\"locationSidebar\":false,\"markerNoDisappear\":false,\"clusterMarkers\":false}'\n\t\t\t\t\tdata-mapdata='[{&quot;type&quot;:&quot;Feature&quot;,&quot;id&quot;:&quot;14.203734,49.992002&quot;,&quot;geometry&quot;:{&quot;type&quot;:&quot;Point&quot;,&quot;coordinates&quot;:[14.203734,49.992002]},&quot;properties&quot;:{&quot;name&quot;:&quot;&quot;,&quot;description&quot;:&quot;Description&quot;,&quot;color&quot;:&quot;#333&quot;,&quot;marker_icon_url&quot;:&quot;http:\\\/\\\/refra.posunemevasvys.cz\\\/wp-content\\\/plugins\\\/wp-mapbox-gl-js\\\/admin\\\/wp-mapmaker\\\/public\\\/img\\\/defaults\\\/black_default.png-wp_mapbox_gl_js_sizing-200-200&quot;,&quot;marker_icon_anchor&quot;:&quot;bottom&quot;,&quot;marker_title&quot;:&quot;Marker&quot;,&quot;category&quot;:&quot;&quot;,&quot;opacity&quot;:0.4,&quot;popup_open&quot;:false}}]'\n\t\t\t\t\tdata-token='pk.eyJ1Ijoia2FrYWNrb3ZhNHdzIiwiYSI6ImNrcWM4NXBpbTBmYXQyb3A2NWNqc21scWUifQ.QEB_R6GwbGVbWphe3L_Fng'\n\t\t\t\t\tdata-map-categories='[]'\n\t\t\t\t\tdata-map-origin='\"\"'\n\t\t\t\t\tdata-map-destination='null'\n\t\t\t\t\tdata-map-layers-filter='[]'\n\t\t\t\t\tclass=\"wp-mapbox-gl-js-map\" ><\/div>\n\t\t\t<\/div><style type=\"text\/css\">.fusion-body .fusion-builder-column-4{width:100% !important;margin-top : 0px;margin-bottom : 20px;}.fusion-builder-column-4 > .fusion-column-wrapper {padding-top : 0px !important;padding-right : 0px !important;margin-right : 1.92%;padding-bottom : 0px !important;padding-left : 0px !important;margin-left : 1.92%;}@media only screen and (max-width:1024px) {.fusion-body .fusion-builder-column-4{width:100% !important;order : 0;}.fusion-builder-column-4 > .fusion-column-wrapper {margin-right : 1.92%;margin-left : 1.92%;}}@media only screen and (max-width:640px) {.fusion-body .fusion-builder-column-4{width:100% !important;order : 0;}.fusion-builder-column-4 > .fusion-column-wrapper {margin-right : 1.92%;margin-left : 1.92%;}}<\/style><\/div><\/div><style type=\"text\/css\">.fusion-body .fusion-flex-container.fusion-builder-row-3{ padding-top : 0px;margin-top : 0px;padding-right : 0px;padding-bottom : 0px;margin-bottom : 0px;padding-left : 0px;}<\/style><\/div><\/p>\n","protected":false},"excerpt":{"rendered":"","protected":false},"author":1,"featured_media":0,"parent":0,"menu_order":0,"comment_status":"closed","ping_status":"closed","template":"100-width.php","meta":{"wp_mapbox_gl_js_media":[],"footnotes":""},"class_list":["post-612","page","type-page","status-publish","hentry"],"yoast_head":"<!-- This site is optimized with the Yoast SEO plugin v17.4 - https:\/\/yoast.com\/wordpress\/plugins\/seo\/ -->\n<title>Kontakt - REFRAPROFI s.r.o.<\/title>\n<meta name=\"robots\" content=\"noindex, follow, max-snippet:-1, max-image-preview:large, max-video-preview:-1\" \/>\n<meta property=\"og:locale\" content=\"de_DE\" \/>\n<meta property=\"og:type\" content=\"article\" \/>\n<meta property=\"og:title\" content=\"Kontakt - REFRAPROFI s.r.o.\" \/>\n<meta property=\"og:url\" content=\"http:\/\/refra.posunemevasvys.cz\/de\/kontakt\/\" \/>\n<meta property=\"og:site_name\" content=\"REFRAPROFI s.r.o.\" \/>\n<meta property=\"article:modified_time\" content=\"2024-03-12T09:26:29+00:00\" \/>\n<meta property=\"og:image\" content=\"http:\/\/refra.posunemevasvys.cz\/wp-content\/uploads\/2021\/10\/facebook.jpg\" \/>\n\t<meta property=\"og:image:width\" content=\"1111\" \/>\n\t<meta property=\"og:image:height\" content=\"552\" \/>\n<meta name=\"twitter:card\" content=\"summary_large_image\" \/>\n<meta name=\"twitter:label1\" content=\"Gesch\u00e4tzte Lesezeit\" \/>\n\t<meta name=\"twitter:data1\" content=\"17\u00a0Minuten\" \/>\n<script type=\"application\/ld+json\" class=\"yoast-schema-graph\">{\"@context\":\"https:\/\/schema.org\",\"@graph\":[{\"@type\":\"WebSite\",\"@id\":\"http:\/\/refra.posunemevasvys.cz\/#website\",\"url\":\"http:\/\/refra.posunemevasvys.cz\/\",\"name\":\"REFRAPROFI s.r.o.\",\"description\":\"Dodovatel komplexn\\u00edch slu\\u017eeb, technologick\\u00fdch celk\\u016f a za\\u0159\\u00edzen\\u00ed pro pr\\u016fmyslov\\u00e9 podniky\",\"potentialAction\":[{\"@type\":\"SearchAction\",\"target\":{\"@type\":\"EntryPoint\",\"urlTemplate\":\"http:\/\/refra.posunemevasvys.cz\/?s={search_term_string}\"},\"query-input\":\"required name=search_term_string\"}],\"inLanguage\":\"de\"},{\"@type\":\"WebPage\",\"@id\":\"http:\/\/refra.posunemevasvys.cz\/de\/kontakt\/#webpage\",\"url\":\"http:\/\/refra.posunemevasvys.cz\/de\/kontakt\/\",\"name\":\"Kontakt - REFRAPROFI s.r.o.\",\"isPartOf\":{\"@id\":\"http:\/\/refra.posunemevasvys.cz\/#website\"},\"datePublished\":\"2023-02-22T14:42:30+00:00\",\"dateModified\":\"2024-03-12T09:26:29+00:00\",\"breadcrumb\":{\"@id\":\"http:\/\/refra.posunemevasvys.cz\/de\/kontakt\/#breadcrumb\"},\"inLanguage\":\"de\",\"potentialAction\":[{\"@type\":\"ReadAction\",\"target\":[\"http:\/\/refra.posunemevasvys.cz\/de\/kontakt\/\"]}]},{\"@type\":\"BreadcrumbList\",\"@id\":\"http:\/\/refra.posunemevasvys.cz\/de\/kontakt\/#breadcrumb\",\"itemListElement\":[{\"@type\":\"ListItem\",\"position\":1,\"name\":\"Dom\\u016f\",\"item\":\"http:\/\/refra.posunemevasvys.cz\/de\/startseite\/\"},{\"@type\":\"ListItem\",\"position\":2,\"name\":\"Kontakt\"}]}]}<\/script>\n<!-- \/ Yoast SEO plugin. -->","yoast_head_json":{"title":"Kontakt - REFRAPROFI s.r.o.","robots":{"index":"noindex","follow":"follow","max-snippet":"max-snippet:-1","max-image-preview":"max-image-preview:large","max-video-preview":"max-video-preview:-1"},"og_locale":"de_DE","og_type":"article","og_title":"Kontakt - REFRAPROFI s.r.o.","og_url":"http:\/\/refra.posunemevasvys.cz\/de\/kontakt\/","og_site_name":"REFRAPROFI s.r.o.","article_modified_time":"2024-03-12T09:26:29+00:00","og_image":[{"width":1111,"height":552,"url":"http:\/\/refra.posunemevasvys.cz\/wp-content\/uploads\/2021\/10\/facebook.jpg","type":"image\/jpeg"}],"twitter_card":"summary_large_image","twitter_misc":{"Gesch\u00e4tzte Lesezeit":"17\u00a0Minuten"},"schema":{"@context":"https:\/\/schema.org","@graph":[{"@type":"WebSite","@id":"http:\/\/refra.posunemevasvys.cz\/#website","url":"http:\/\/refra.posunemevasvys.cz\/","name":"REFRAPROFI s.r.o.","description":"Dodovatel komplexn\u00edch slu\u017eeb, technologick\u00fdch celk\u016f a za\u0159\u00edzen\u00ed pro pr\u016fmyslov\u00e9 podniky","potentialAction":[{"@type":"SearchAction","target":{"@type":"EntryPoint","urlTemplate":"http:\/\/refra.posunemevasvys.cz\/?s={search_term_string}"},"query-input":"required name=search_term_string"}],"inLanguage":"de"},{"@type":"WebPage","@id":"http:\/\/refra.posunemevasvys.cz\/de\/kontakt\/#webpage","url":"http:\/\/refra.posunemevasvys.cz\/de\/kontakt\/","name":"Kontakt - REFRAPROFI s.r.o.","isPartOf":{"@id":"http:\/\/refra.posunemevasvys.cz\/#website"},"datePublished":"2023-02-22T14:42:30+00:00","dateModified":"2024-03-12T09:26:29+00:00","breadcrumb":{"@id":"http:\/\/refra.posunemevasvys.cz\/de\/kontakt\/#breadcrumb"},"inLanguage":"de","potentialAction":[{"@type":"ReadAction","target":["http:\/\/refra.posunemevasvys.cz\/de\/kontakt\/"]}]},{"@type":"BreadcrumbList","@id":"http:\/\/refra.posunemevasvys.cz\/de\/kontakt\/#breadcrumb","itemListElement":[{"@type":"ListItem","position":1,"name":"Dom\u016f","item":"http:\/\/refra.posunemevasvys.cz\/de\/startseite\/"},{"@type":"ListItem","position":2,"name":"Kontakt"}]}]}},"_links":{"self":[{"href":"http:\/\/refra.posunemevasvys.cz\/de\/wp-json\/wp\/v2\/pages\/612","targetHints":{"allow":["GET"]}}],"collection":[{"href":"http:\/\/refra.posunemevasvys.cz\/de\/wp-json\/wp\/v2\/pages"}],"about":[{"href":"http:\/\/refra.posunemevasvys.cz\/de\/wp-json\/wp\/v2\/types\/page"}],"author":[{"embeddable":true,"href":"http:\/\/refra.posunemevasvys.cz\/de\/wp-json\/wp\/v2\/users\/1"}],"replies":[{"embeddable":true,"href":"http:\/\/refra.posunemevasvys.cz\/de\/wp-json\/wp\/v2\/comments?post=612"}],"version-history":[{"count":10,"href":"http:\/\/refra.posunemevasvys.cz\/de\/wp-json\/wp\/v2\/pages\/612\/revisions"}],"predecessor-version":[{"id":1461,"href":"http:\/\/refra.posunemevasvys.cz\/de\/wp-json\/wp\/v2\/pages\/612\/revisions\/1461"}],"wp:attachment":[{"href":"http:\/\/refra.posunemevasvys.cz\/de\/wp-json\/wp\/v2\/media?parent=612"}],"curies":[{"name":"wp","href":"https:\/\/api.w.org\/{rel}","templated":true}]}}