{"id":594,"date":"2023-02-22T15:35:23","date_gmt":"2023-02-22T14:35:23","guid":{"rendered":"http:\/\/refra.posunemevasvys.cz\/sanierung-von-nassem-mauerwerk\/"},"modified":"2024-03-13T08:43:14","modified_gmt":"2024-03-13T07:43:14","slug":"sanierung-von-nassem-mauerwerk","status":"publish","type":"page","link":"http:\/\/refra.posunemevasvys.cz\/de\/sanierung-von-nassem-mauerwerk\/","title":{"rendered":"Bau- und Abbrucharbeiten"},"content":{"rendered":"<p><div class=\"fusion-fullwidth fullwidth-box fusion-builder-row-1 fusion-flex-container nonhundred-percent-fullwidth non-hundred-percent-height-scrolling\" style=\"background-color: rgba(255,255,255,0);background-position: center center;background-repeat: no-repeat;border-width: 0px 0px 0px 0px;border-color:#e2e2e2;border-style:solid;\" ><div class=\"fusion-builder-row fusion-row fusion-flex-align-items-stretch\" style=\"max-width:1248px;margin-left: calc(-4% \/ 2 );margin-right: calc(-4% \/ 2 );\"><div class=\"fusion-layout-column fusion_builder_column fusion-builder-column-0 fusion_builder_column_1_1 1_1 fusion-flex-column\"><div class=\"fusion-column-wrapper fusion-flex-justify-content-flex-start fusion-content-layout-column\" style=\"background-position:left top;background-repeat:no-repeat;-webkit-background-size:cover;-moz-background-size:cover;-o-background-size:cover;background-size:cover;padding: 0px 0px 0px 0px;\"><\/div><style type=\"text\/css\">.fusion-body .fusion-builder-column-0{width:100% !important;margin-top : 0px;margin-bottom : 20px;}.fusion-builder-column-0 > .fusion-column-wrapper {padding-top : 0px !important;padding-right : 0px !important;margin-right : 1.92%;padding-bottom : 0px !important;padding-left : 0px !important;margin-left : 1.92%;}@media only screen and (max-width:1024px) {.fusion-body .fusion-builder-column-0{width:100% !important;order : 0;}.fusion-builder-column-0 > .fusion-column-wrapper {margin-right : 1.92%;margin-left : 1.92%;}}@media only screen and (max-width:640px) {.fusion-body .fusion-builder-column-0{width:100% !important;order : 0;}.fusion-builder-column-0 > .fusion-column-wrapper {margin-right : 1.92%;margin-left : 1.92%;}}<\/style><\/div><div class=\"fusion-layout-column fusion_builder_column fusion-builder-column-1 fusion_builder_column_1_2 1_2 fusion-flex-column\"><div class=\"fusion-column-wrapper fusion-flex-justify-content-flex-start fusion-content-layout-column\" style=\"background-position:left top;background-repeat:no-repeat;-webkit-background-size:cover;-moz-background-size:cover;-o-background-size:cover;background-size:cover;padding: 0px 0px 0px 0px;\"><div class=\"fusion-text fusion-text-1\"><p>Im Bereich Bau und Abbruch konzentrieren wir uns haupts\u00e4chlich auf drei Arten von Aktivit\u00e4ten. Dazu geh\u00f6ren die <strong>Sanierung von Stahlbetonbauten, der Bau von Industriegeb\u00e4uden und die Lieferung und Montage von Stahlkonstruktionen.<\/strong><\/p>\n<p>Die <strong>Sanierung von Stahlbetonkonstruktionen<\/strong> ist ein entscheidender Aspekt f\u00fcr die Erhaltung und Verl\u00e4ngerung der Lebensdauer von Geb\u00e4uden, Tragwerken von Industrieanlagen, Br\u00fccken und anderen Infrastrukturen.<\/p>\n<p>Der <strong>Bau von Industriegeb\u00e4uden<\/strong> ist ein komplexer Prozess, der viele Phasen umfasst. Von der ersten Planung bis zur endg\u00fcltigen Inbetriebnahme des Geb\u00e4udes.<\/p>\n<p>Auch der Prozess der <strong>Lieferung und Montage von Stahlkonstruktionen<\/strong> ist recht umfangreich und erfordert sorgf\u00e4ltige Planung, Koordination und zuverl\u00e4ssige Ausf\u00fchrung.<\/p>\n<p>Hier erfahren Sie mehr \u00fcber unsere Bau- und Abbruchaktivit\u00e4ten.<\/p>\n<\/div><\/div><style type=\"text\/css\">.fusion-body .fusion-builder-column-1{width:50% !important;margin-top : 0px;margin-bottom : 20px;}.fusion-builder-column-1 > .fusion-column-wrapper {padding-top : 0px !important;padding-right : 0px !important;margin-right : 3.84%;padding-bottom : 0px !important;padding-left : 0px !important;margin-left : 3.84%;}@media only screen and (max-width:1024px) {.fusion-body .fusion-builder-column-1{width:100% !important;order : 0;}.fusion-builder-column-1 > .fusion-column-wrapper {margin-right : 1.92%;margin-left : 1.92%;}}@media only screen and (max-width:640px) {.fusion-body .fusion-builder-column-1{width:100% !important;order : 0;}.fusion-builder-column-1 > .fusion-column-wrapper {margin-right : 1.92%;margin-left : 1.92%;}}<\/style><\/div><div class=\"fusion-layout-column fusion_builder_column fusion-builder-column-2 fusion_builder_column_1_2 1_2 fusion-flex-column\"><div class=\"fusion-column-wrapper fusion-flex-justify-content-center fusion-content-layout-column\" style=\"background-position:left top;background-repeat:no-repeat;-webkit-background-size:cover;-moz-background-size:cover;-o-background-size:cover;background-size:cover;padding: 0px 0px 0px 0px;\"><div ><span class=\" fusion-imageframe imageframe-none imageframe-1 hover-type-none\"><img decoding=\"async\" width=\"719\" height=\"482\" alt=\"Stavebn\u00ed a demoli\u010dn\u00ed pr\u00e1ce Refraprofi\" title=\"2020-1\" src=\"http:\/\/refra.posunemevasvys.cz\/wp-content\/uploads\/2023\/05\/2020-1.png\" class=\"img-responsive wp-image-828\" srcset=\"http:\/\/refra.posunemevasvys.cz\/wp-content\/uploads\/2023\/05\/2020-1-200x134.png 200w, http:\/\/refra.posunemevasvys.cz\/wp-content\/uploads\/2023\/05\/2020-1-400x268.png 400w, http:\/\/refra.posunemevasvys.cz\/wp-content\/uploads\/2023\/05\/2020-1-600x402.png 600w, http:\/\/refra.posunemevasvys.cz\/wp-content\/uploads\/2023\/05\/2020-1.png 719w\" sizes=\"(max-width: 640px) 100vw, 600px\" \/><\/span><\/div><\/div><style type=\"text\/css\">.fusion-body .fusion-builder-column-2{width:50% !important;margin-top : 0px;margin-bottom : 20px;}.fusion-builder-column-2 > .fusion-column-wrapper {padding-top : 0px !important;padding-right : 0px !important;margin-right : 3.84%;padding-bottom : 0px !important;padding-left : 0px !important;margin-left : 3.84%;}@media only screen and (max-width:1024px) {.fusion-body .fusion-builder-column-2{width:100% !important;order : 0;}.fusion-builder-column-2 > .fusion-column-wrapper {margin-right : 1.92%;margin-left : 1.92%;}}@media only screen and (max-width:640px) {.fusion-body .fusion-builder-column-2{width:100% !important;order : 0;}.fusion-builder-column-2 > .fusion-column-wrapper {margin-right : 1.92%;margin-left : 1.92%;}}<\/style><\/div><\/div><style type=\"text\/css\">.fusion-body .fusion-flex-container.fusion-builder-row-1{ padding-top : 0px;margin-top : 0px;padding-right : 0px;padding-bottom : 0px;margin-bottom : 0px;padding-left : 0px;}<\/style><\/div><div id=\"dienstleistungen\"><div class=\"fusion-fullwidth fullwidth-box fusion-builder-row-2 fusion-flex-container nonhundred-percent-fullwidth non-hundred-percent-height-scrolling\" style=\"background-color: rgba(255,255,255,0);background-position: center center;background-repeat: no-repeat;border-width: 0px 0px 0px 0px;border-color:#e2e2e2;border-style:solid;\" ><div class=\"fusion-builder-row fusion-row fusion-flex-align-items-flex-start\" style=\"max-width:1248px;margin-left: calc(-4% \/ 2 );margin-right: calc(-4% \/ 2 );\"><div class=\"fusion-layout-column fusion_builder_column fusion-builder-column-3 fusion_builder_column_1_3 1_3 fusion-flex-column sluzbax fusion-column-inner-bg-wrapper fusion-animated\" data-animationType=\"fadeInLeft\" data-animationDuration=\"0.7\" data-animationOffset=\"top-into-view\"><div class=\"fusion-column-wrapper fusion-flex-justify-content-flex-start fusion-content-layout-column\" style=\"padding: 80px 27px 0px 27px;\"><div style=\"text-align:center;\"><span class=\" fusion-imageframe imageframe-none imageframe-2 hover-type-none\"><img decoding=\"async\" width=\"68\" height=\"68\" title=\"ic-1\" src=\"http:\/\/refra.posunemevasvys.cz\/wp-content\/uploads\/2021\/09\/ic-1.png\" class=\"img-responsive wp-image-450\" srcset=\"http:\/\/refra.posunemevasvys.cz\/wp-content\/uploads\/2021\/09\/ic-1-66x66.png 66w, http:\/\/refra.posunemevasvys.cz\/wp-content\/uploads\/2021\/09\/ic-1.png 68w\" sizes=\"(max-width: 68px) 100vw, 68px\" \/><\/span><\/div><div class=\"fusion-separator fusion-full-width-sep\" style=\"align-self: center;margin-left: auto;margin-right: auto;margin-bottom:30px;width:100%;\"><\/div><style type=\"text\/css\">@media only screen and (max-width:1024px) {.fusion-title.fusion-title-1{margin-top:10px!important; margin-right:0px!important;margin-bottom:15px!important;margin-left:0px!important;}}@media only screen and (max-width:640px) {.fusion-title.fusion-title-1{margin-top:10px!important; margin-right:0px!important;margin-bottom:10px!important; margin-left:0px!important;}}<\/style><div class=\"fusion-title title fusion-title-1 fusion-sep-none fusion-title-center fusion-title-text fusion-title-size-two\" style=\"margin-top:10px;margin-right:0px;margin-bottom:15px;margin-left:0px;\"><h2 class=\"title-heading-center\" style=\"margin:0;color:#f6e8ce;\">Sanierung von Stahlbetonkonstruktionen<\/h2><\/div><div class=\"fusion-separator fusion-full-width-sep\" style=\"align-self: center;margin-left: auto;margin-right: auto;margin-bottom:30px;width:100%;\"><\/div><div class=\"new-in\">\n<p class=\"nadpis\">Beschreibung der Dienstleistung<\/p>\n<p style=\"font-size: 15px;\">  Die Sanierung von Stahlbetonkonstruktionen ist ein entscheidender Aspekt f\u00fcr die Erhaltung und Verl\u00e4ngerung der Lebensdauer von Geb\u00e4uden, Tragwerken von Industrieanlagen, Br\u00fccken und anderen Infrastrukturen.<\/p>\n<a href=\"http:\/\/refra.posunemevasvys.cz\/de\/sanierung-von-nassem-mauerwerk\/sanierung-von-stahlbetonkonstruktionen\/\" class=\"proklik\">Mehr Informationen <i class=\"fa-external-link-alt fas\"><\/i><\/a>\n<\/div><\/div><span class=\"fusion-column-inner-bg hover-type-none\"><a class=\"fusion-column-anchor\" href=\"http:\/\/refra.posunemevasvys.cz\/sanace-zelezobetonovych-konstrukci\/\/\"><span class=\"fusion-column-inner-bg-image\" style=\"background-color:#4e4832;background-position:center center;background-repeat:no-repeat;-webkit-background-size:cover;-moz-background-size:cover;-o-background-size:cover;background-size:cover;\"><\/span><\/a><\/span><style type=\"text\/css\">.fusion-body .fusion-builder-column-3{width:33.333333333333% !important;margin-top : 0px;margin-bottom : 20px;}.fusion-builder-column-3 > .fusion-column-wrapper {padding-top : 80px !important;padding-right : 27px !important;margin-right : 15px;padding-bottom : 0px !important;padding-left : 27px !important;margin-left : 15px;}.fusion-flex-container .fusion-row .fusion-builder-column-3 > .fusion-column-inner-bg { margin-right:15px;margin-left:15px; }@media only screen and (max-width:1024px) {.fusion-body .fusion-builder-column-3{width:50% !important;order : 0;}.fusion-builder-column-3 > .fusion-column-wrapper {margin-right : 15px;margin-left : 15px;}.fusion-flex-container .fusion-row .fusion-builder-column-3 > .fusion-column-inner-bg { margin-right:15px;margin-left:15px; }}@media only screen and (max-width:640px) {.fusion-body .fusion-builder-column-3{width:100% !important;order : 0;}.fusion-builder-column-3 > .fusion-column-wrapper {margin-right : 1.92%;margin-left : 1.92%;}.fusion-flex-container .fusion-row .fusion-builder-column-3 > .fusion-column-inner-bg { margin-right:1.92%;margin-left:1.92%; }}<\/style><\/div><div class=\"fusion-layout-column fusion_builder_column fusion-builder-column-4 fusion_builder_column_1_3 1_3 fusion-flex-column sluzbax fusion-column-inner-bg-wrapper fusion-animated\" data-animationType=\"fadeInLeft\" data-animationDuration=\"0.7\" data-animationOffset=\"top-into-view\"><div class=\"fusion-column-wrapper fusion-flex-justify-content-flex-start fusion-content-layout-column\" style=\"padding: 80px 27px 0px 27px;\"><div style=\"text-align:center;\"><span class=\" fusion-imageframe imageframe-none imageframe-3 hover-type-none\"><img decoding=\"async\" width=\"68\" height=\"68\" title=\"ic-3\" src=\"http:\/\/refra.posunemevasvys.cz\/wp-content\/uploads\/2021\/09\/ic-3.png\" class=\"img-responsive wp-image-454\" srcset=\"http:\/\/refra.posunemevasvys.cz\/wp-content\/uploads\/2021\/09\/ic-3-66x66.png 66w, http:\/\/refra.posunemevasvys.cz\/wp-content\/uploads\/2021\/09\/ic-3.png 68w\" sizes=\"(max-width: 68px) 100vw, 68px\" \/><\/span><\/div><div class=\"fusion-separator fusion-full-width-sep\" style=\"align-self: center;margin-left: auto;margin-right: auto;margin-bottom:30px;width:100%;\"><\/div><style type=\"text\/css\">@media only screen and (max-width:1024px) {.fusion-title.fusion-title-2{margin-top:10px!important; margin-right:0px!important;margin-bottom:15px!important;margin-left:0px!important;}}@media only screen and (max-width:640px) {.fusion-title.fusion-title-2{margin-top:10px!important; margin-right:0px!important;margin-bottom:10px!important; margin-left:0px!important;}}<\/style><div class=\"fusion-title title fusion-title-2 fusion-sep-none fusion-title-center fusion-title-text fusion-title-size-two\" style=\"margin-top:10px;margin-right:0px;margin-bottom:15px;margin-left:0px;\"><h2 class=\"title-heading-center\" style=\"margin:0;color:#f6e8ce;\">Bau von Industriegeb\u00e4uden<\/h2><\/div><div class=\"fusion-separator fusion-full-width-sep\" style=\"align-self: center;margin-left: auto;margin-right: auto;margin-bottom:30px;width:100%;\"><\/div><div class=\"new-in\">\n<p class=\"nadpis\">Beschreibung der Dienstleistung<\/p>\n<p style=\"font-size: 15px;\">Dies ist ein komplexer Prozess, der mehrere Stufen umfasst. Von der ersten Planung bis zur endg\u00fcltigen Inbetriebnahme des Geb\u00e4udes.<\/p>\n<a href=\"#\" class=\"proklik\">Mehr Informationen <i class=\"fa-external-link-alt fas\"><\/i><\/a>\n<\/div><\/div><span class=\"fusion-column-inner-bg hover-type-none\"><a class=\"fusion-column-anchor\" href=\"http:\/\/refra.posunemevasvys.cz\/vystavba-prumyslovych-budov\/\"><span class=\"fusion-column-inner-bg-image\" style=\"background-color:#4e4832;background-position:center center;background-repeat:no-repeat;-webkit-background-size:cover;-moz-background-size:cover;-o-background-size:cover;background-size:cover;\"><\/span><\/a><\/span><style type=\"text\/css\">.fusion-body .fusion-builder-column-4{width:33.333333333333% !important;margin-top : 0px;margin-bottom : 20px;}.fusion-builder-column-4 > .fusion-column-wrapper {padding-top : 80px !important;padding-right : 27px !important;margin-right : 15px;padding-bottom : 0px !important;padding-left : 27px !important;margin-left : 15px;}.fusion-flex-container .fusion-row .fusion-builder-column-4 > .fusion-column-inner-bg { margin-right:15px;margin-left:15px; }@media only screen and (max-width:1024px) {.fusion-body .fusion-builder-column-4{width:50% !important;order : 0;}.fusion-builder-column-4 > .fusion-column-wrapper {margin-right : 15px;margin-left : 15px;}.fusion-flex-container .fusion-row .fusion-builder-column-4 > .fusion-column-inner-bg { margin-right:15px;margin-left:15px; }}@media only screen and (max-width:640px) {.fusion-body .fusion-builder-column-4{width:100% !important;order : 0;}.fusion-builder-column-4 > .fusion-column-wrapper {margin-right : 1.92%;margin-left : 1.92%;}.fusion-flex-container .fusion-row .fusion-builder-column-4 > .fusion-column-inner-bg { margin-right:1.92%;margin-left:1.92%; }}<\/style><\/div><div class=\"fusion-layout-column fusion_builder_column fusion-builder-column-5 fusion_builder_column_1_3 1_3 fusion-flex-column sluzbax fusion-column-inner-bg-wrapper fusion-animated\" data-animationType=\"fadeInLeft\" data-animationDuration=\"0.7\" data-animationOffset=\"top-into-view\"><div class=\"fusion-column-wrapper fusion-flex-justify-content-flex-start fusion-content-layout-column\" style=\"padding: 80px 27px 0px 27px;\"><div style=\"text-align:center;\"><span class=\" fusion-imageframe imageframe-none imageframe-4 hover-type-none\"><img decoding=\"async\" width=\"68\" height=\"68\" title=\"IC-4\" src=\"http:\/\/refra.posunemevasvys.cz\/wp-content\/uploads\/2021\/09\/IC-4.png\" class=\"img-responsive wp-image-456\" srcset=\"http:\/\/refra.posunemevasvys.cz\/wp-content\/uploads\/2021\/09\/IC-4-66x66.png 66w, http:\/\/refra.posunemevasvys.cz\/wp-content\/uploads\/2021\/09\/IC-4.png 68w\" sizes=\"(max-width: 68px) 100vw, 68px\" \/><\/span><\/div><div class=\"fusion-separator fusion-full-width-sep\" style=\"align-self: center;margin-left: auto;margin-right: auto;margin-bottom:30px;width:100%;\"><\/div><style type=\"text\/css\">@media only screen and (max-width:1024px) {.fusion-title.fusion-title-3{margin-top:10px!important; margin-right:0px!important;margin-bottom:15px!important;margin-left:0px!important;}}@media only screen and (max-width:640px) {.fusion-title.fusion-title-3{margin-top:10px!important; margin-right:0px!important;margin-bottom:10px!important; margin-left:0px!important;}}<\/style><div class=\"fusion-title title fusion-title-3 fusion-sep-none fusion-title-center fusion-title-text fusion-title-size-two\" style=\"margin-top:10px;margin-right:0px;margin-bottom:15px;margin-left:0px;\"><h2 class=\"title-heading-center\" style=\"margin:0;color:#f6e8ce;\">Lieferung und Montage von Stahlkonstruktionen<\/h2><\/div><div class=\"fusion-separator fusion-full-width-sep\" style=\"align-self: center;margin-left: auto;margin-right: auto;margin-bottom:30px;width:100%;\"><\/div><div class=\"new-in\">\n<p class=\"nadpis\">Beschreibung der Dienstleistung<\/p>\n<p style=\"font-size: 15px;\">Dies ist ein komplexer Prozess, der sorgf\u00e4ltige Planung, Koordination und zuverl\u00e4ssige Umsetzung erfordert. Dieser Prozess ist f\u00fcr eine Vielzahl von Bauprojekten wie Geb\u00e4ude, Br\u00fccken und Industrieanlagen von entscheidender Bedeutung.<\/p>\n<a href=\"\/demolicni-prace\/\" class=\"proklik\">Mehr Informationen <i class=\"fa-external-link-alt fas\"><\/i><\/a>\n<\/div><\/div><span class=\"fusion-column-inner-bg hover-type-none\"><a class=\"fusion-column-anchor\" href=\"http:\/\/refra.posunemevasvys.cz\/dodavky-a-montaz-ocelovych-konstrukci\/\/\"><span class=\"fusion-column-inner-bg-image\" style=\"background-color:#4e4832;background-position:center center;background-repeat:no-repeat;-webkit-background-size:cover;-moz-background-size:cover;-o-background-size:cover;background-size:cover;\"><\/span><\/a><\/span><style type=\"text\/css\">.fusion-body .fusion-builder-column-5{width:33.333333333333% !important;margin-top : 0px;margin-bottom : 20px;}.fusion-builder-column-5 > .fusion-column-wrapper {padding-top : 80px !important;padding-right : 27px !important;margin-right : 15px;padding-bottom : 0px !important;padding-left : 27px !important;margin-left : 15px;}.fusion-flex-container .fusion-row .fusion-builder-column-5 > .fusion-column-inner-bg { margin-right:15px;margin-left:15px; }@media only screen and (max-width:1024px) {.fusion-body .fusion-builder-column-5{width:50% !important;order : 0;}.fusion-builder-column-5 > .fusion-column-wrapper {margin-right : 15px;margin-left : 15px;}.fusion-flex-container .fusion-row .fusion-builder-column-5 > .fusion-column-inner-bg { margin-right:15px;margin-left:15px; }}@media only screen and (max-width:640px) {.fusion-body .fusion-builder-column-5{width:100% !important;order : 0;}.fusion-builder-column-5 > .fusion-column-wrapper {margin-right : 1.92%;margin-left : 1.92%;}.fusion-flex-container .fusion-row .fusion-builder-column-5 > .fusion-column-inner-bg { margin-right:1.92%;margin-left:1.92%; }}<\/style><\/div><\/div><style type=\"text\/css\">.fusion-body .fusion-flex-container.fusion-builder-row-2{ padding-top : 60px;margin-top : 0px;padding-right : 0px;padding-bottom : 110px;margin-bottom : 0px;padding-left : 0px;}<\/style><\/div><\/div><\/p>\n","protected":false},"excerpt":{"rendered":"","protected":false},"author":1,"featured_media":0,"parent":0,"menu_order":0,"comment_status":"closed","ping_status":"closed","template":"100-width.php","meta":{"wp_mapbox_gl_js_media":[],"footnotes":""},"class_list":["post-594","page","type-page","status-publish","hentry"],"yoast_head":"<!-- This site is optimized with the Yoast SEO plugin v17.4 - https:\/\/yoast.com\/wordpress\/plugins\/seo\/ -->\n<title>Bau- und Abbrucharbeiten - REFRAPROFI s.r.o.<\/title>\n<meta name=\"description\" content=\"Profitieren Sie von unserer Erfahrung in den Bereichen Sanierung von Stahlbetonkonstruktionen, Bau von Industriegeb\u00e4uden und Lieferung und Montage von Stahlkonstruktionen.\" \/>\n<meta name=\"robots\" content=\"noindex, follow, max-snippet:-1, max-image-preview:large, max-video-preview:-1\" \/>\n<meta property=\"og:locale\" content=\"de_DE\" \/>\n<meta property=\"og:type\" content=\"article\" \/>\n<meta property=\"og:title\" content=\"Bau- und Abbrucharbeiten - REFRAPROFI s.r.o.\" \/>\n<meta property=\"og:description\" content=\"Profitieren Sie von unserer Erfahrung in den Bereichen Sanierung von Stahlbetonkonstruktionen, Bau von Industriegeb\u00e4uden und Lieferung und Montage von Stahlkonstruktionen.\" \/>\n<meta property=\"og:url\" content=\"http:\/\/refra.posunemevasvys.cz\/de\/sanierung-von-nassem-mauerwerk\/\" \/>\n<meta property=\"og:site_name\" content=\"REFRAPROFI s.r.o.\" \/>\n<meta property=\"article:modified_time\" content=\"2024-03-13T07:43:14+00:00\" \/>\n<meta property=\"og:image\" content=\"http:\/\/refra.posunemevasvys.cz\/wp-content\/uploads\/2021\/10\/facebook.jpg\" \/>\n\t<meta property=\"og:image:width\" content=\"1111\" \/>\n\t<meta property=\"og:image:height\" content=\"552\" \/>\n<meta name=\"twitter:card\" content=\"summary_large_image\" \/>\n<meta name=\"twitter:label1\" content=\"Gesch\u00e4tzte Lesezeit\" \/>\n\t<meta name=\"twitter:data1\" content=\"20\u00a0Minuten\" \/>\n<script type=\"application\/ld+json\" class=\"yoast-schema-graph\">{\"@context\":\"https:\/\/schema.org\",\"@graph\":[{\"@type\":\"WebSite\",\"@id\":\"http:\/\/refra.posunemevasvys.cz\/#website\",\"url\":\"http:\/\/refra.posunemevasvys.cz\/\",\"name\":\"REFRAPROFI s.r.o.\",\"description\":\"Dodovatel komplexn\\u00edch slu\\u017eeb, technologick\\u00fdch celk\\u016f a za\\u0159\\u00edzen\\u00ed pro pr\\u016fmyslov\\u00e9 podniky\",\"potentialAction\":[{\"@type\":\"SearchAction\",\"target\":{\"@type\":\"EntryPoint\",\"urlTemplate\":\"http:\/\/refra.posunemevasvys.cz\/?s={search_term_string}\"},\"query-input\":\"required name=search_term_string\"}],\"inLanguage\":\"de\"},{\"@type\":\"WebPage\",\"@id\":\"http:\/\/refra.posunemevasvys.cz\/de\/sanierung-von-nassem-mauerwerk\/#webpage\",\"url\":\"http:\/\/refra.posunemevasvys.cz\/de\/sanierung-von-nassem-mauerwerk\/\",\"name\":\"Bau- und Abbrucharbeiten - REFRAPROFI s.r.o.\",\"isPartOf\":{\"@id\":\"http:\/\/refra.posunemevasvys.cz\/#website\"},\"datePublished\":\"2023-02-22T14:35:23+00:00\",\"dateModified\":\"2024-03-13T07:43:14+00:00\",\"description\":\"Profitieren Sie von unserer Erfahrung in den Bereichen Sanierung von Stahlbetonkonstruktionen, Bau von Industriegeb\\u00e4uden und Lieferung und Montage von Stahlkonstruktionen.\",\"breadcrumb\":{\"@id\":\"http:\/\/refra.posunemevasvys.cz\/de\/sanierung-von-nassem-mauerwerk\/#breadcrumb\"},\"inLanguage\":\"de\",\"potentialAction\":[{\"@type\":\"ReadAction\",\"target\":[\"http:\/\/refra.posunemevasvys.cz\/de\/sanierung-von-nassem-mauerwerk\/\"]}]},{\"@type\":\"BreadcrumbList\",\"@id\":\"http:\/\/refra.posunemevasvys.cz\/de\/sanierung-von-nassem-mauerwerk\/#breadcrumb\",\"itemListElement\":[{\"@type\":\"ListItem\",\"position\":1,\"name\":\"Dom\\u016f\",\"item\":\"http:\/\/refra.posunemevasvys.cz\/de\/startseite\/\"},{\"@type\":\"ListItem\",\"position\":2,\"name\":\"Bau- und Abbrucharbeiten\"}]}]}<\/script>\n<!-- \/ Yoast SEO plugin. -->","yoast_head_json":{"title":"Bau- und Abbrucharbeiten - REFRAPROFI s.r.o.","description":"Profitieren Sie von unserer Erfahrung in den Bereichen Sanierung von Stahlbetonkonstruktionen, Bau von Industriegeb\u00e4uden und Lieferung und Montage von Stahlkonstruktionen.","robots":{"index":"noindex","follow":"follow","max-snippet":"max-snippet:-1","max-image-preview":"max-image-preview:large","max-video-preview":"max-video-preview:-1"},"og_locale":"de_DE","og_type":"article","og_title":"Bau- und Abbrucharbeiten - REFRAPROFI s.r.o.","og_description":"Profitieren Sie von unserer Erfahrung in den Bereichen Sanierung von Stahlbetonkonstruktionen, Bau von Industriegeb\u00e4uden und Lieferung und Montage von Stahlkonstruktionen.","og_url":"http:\/\/refra.posunemevasvys.cz\/de\/sanierung-von-nassem-mauerwerk\/","og_site_name":"REFRAPROFI s.r.o.","article_modified_time":"2024-03-13T07:43:14+00:00","og_image":[{"width":1111,"height":552,"url":"http:\/\/refra.posunemevasvys.cz\/wp-content\/uploads\/2021\/10\/facebook.jpg","type":"image\/jpeg"}],"twitter_card":"summary_large_image","twitter_misc":{"Gesch\u00e4tzte Lesezeit":"20\u00a0Minuten"},"schema":{"@context":"https:\/\/schema.org","@graph":[{"@type":"WebSite","@id":"http:\/\/refra.posunemevasvys.cz\/#website","url":"http:\/\/refra.posunemevasvys.cz\/","name":"REFRAPROFI s.r.o.","description":"Dodovatel komplexn\u00edch slu\u017eeb, technologick\u00fdch celk\u016f a za\u0159\u00edzen\u00ed pro pr\u016fmyslov\u00e9 podniky","potentialAction":[{"@type":"SearchAction","target":{"@type":"EntryPoint","urlTemplate":"http:\/\/refra.posunemevasvys.cz\/?s={search_term_string}"},"query-input":"required name=search_term_string"}],"inLanguage":"de"},{"@type":"WebPage","@id":"http:\/\/refra.posunemevasvys.cz\/de\/sanierung-von-nassem-mauerwerk\/#webpage","url":"http:\/\/refra.posunemevasvys.cz\/de\/sanierung-von-nassem-mauerwerk\/","name":"Bau- und Abbrucharbeiten - REFRAPROFI s.r.o.","isPartOf":{"@id":"http:\/\/refra.posunemevasvys.cz\/#website"},"datePublished":"2023-02-22T14:35:23+00:00","dateModified":"2024-03-13T07:43:14+00:00","description":"Profitieren Sie von unserer Erfahrung in den Bereichen Sanierung von Stahlbetonkonstruktionen, Bau von Industriegeb\u00e4uden und Lieferung und Montage von Stahlkonstruktionen.","breadcrumb":{"@id":"http:\/\/refra.posunemevasvys.cz\/de\/sanierung-von-nassem-mauerwerk\/#breadcrumb"},"inLanguage":"de","potentialAction":[{"@type":"ReadAction","target":["http:\/\/refra.posunemevasvys.cz\/de\/sanierung-von-nassem-mauerwerk\/"]}]},{"@type":"BreadcrumbList","@id":"http:\/\/refra.posunemevasvys.cz\/de\/sanierung-von-nassem-mauerwerk\/#breadcrumb","itemListElement":[{"@type":"ListItem","position":1,"name":"Dom\u016f","item":"http:\/\/refra.posunemevasvys.cz\/de\/startseite\/"},{"@type":"ListItem","position":2,"name":"Bau- und Abbrucharbeiten"}]}]}},"_links":{"self":[{"href":"http:\/\/refra.posunemevasvys.cz\/de\/wp-json\/wp\/v2\/pages\/594","targetHints":{"allow":["GET"]}}],"collection":[{"href":"http:\/\/refra.posunemevasvys.cz\/de\/wp-json\/wp\/v2\/pages"}],"about":[{"href":"http:\/\/refra.posunemevasvys.cz\/de\/wp-json\/wp\/v2\/types\/page"}],"author":[{"embeddable":true,"href":"http:\/\/refra.posunemevasvys.cz\/de\/wp-json\/wp\/v2\/users\/1"}],"replies":[{"embeddable":true,"href":"http:\/\/refra.posunemevasvys.cz\/de\/wp-json\/wp\/v2\/comments?post=594"}],"version-history":[{"count":12,"href":"http:\/\/refra.posunemevasvys.cz\/de\/wp-json\/wp\/v2\/pages\/594\/revisions"}],"predecessor-version":[{"id":1478,"href":"http:\/\/refra.posunemevasvys.cz\/de\/wp-json\/wp\/v2\/pages\/594\/revisions\/1478"}],"wp:attachment":[{"href":"http:\/\/refra.posunemevasvys.cz\/de\/wp-json\/wp\/v2\/media?parent=594"}],"curies":[{"name":"wp","href":"https:\/\/api.w.org\/{rel}","templated":true}]}}