{"id":1444,"date":"2024-03-12T09:41:56","date_gmt":"2024-03-12T08:41:56","guid":{"rendered":"http:\/\/refra.posunemevasvys.cz\/industrielle-bauten\/industrielle-beschichtungen\/"},"modified":"2024-03-13T08:46:19","modified_gmt":"2024-03-13T07:46:19","slug":"industrielle-beschichtungen","status":"publish","type":"page","link":"http:\/\/refra.posunemevasvys.cz\/de\/industrielle-bauten\/industrielle-beschichtungen\/","title":{"rendered":"Industrielle Beschichtungen"},"content":{"rendered":"<div class=\"fusion-fullwidth fullwidth-box fusion-builder-row-1 fusion-flex-container nonhundred-percent-fullwidth non-hundred-percent-height-scrolling\" style=\"background-color: rgba(255,255,255,0);background-position: center center;background-repeat: no-repeat;border-width: 0px 0px 0px 0px;border-color:#e2e2e2;border-style:solid;\" ><div class=\"fusion-builder-row fusion-row fusion-flex-align-items-flex-start\" style=\"max-width:1248px;margin-left: calc(-4% \/ 2 );margin-right: calc(-4% \/ 2 );\"><div class=\"fusion-layout-column fusion_builder_column fusion-builder-column-0 fusion_builder_column_1_1 1_1 fusion-flex-column\"><div class=\"fusion-column-wrapper fusion-flex-justify-content-flex-start fusion-content-layout-column\" style=\"background-position:left top;background-repeat:no-repeat;-webkit-background-size:cover;-moz-background-size:cover;-o-background-size:cover;background-size:cover;padding: 0px 0px 0px 0px;\"><div class=\"fusion-text fusion-text-1\"><p>Die Korrosionsschutzbehandlung von Stahlkonstruktionen ist f\u00fcr ihre Langlebigkeit und strukturelle Integrit\u00e4t unerl\u00e4sslich. Stahl ist zwar ein starkes und vielseitiges Konstruktionsmaterial, aber in bestimmten Umgebungen korrosionsanf\u00e4llig, insbesondere in Umgebungen mit Feuchtigkeit, Salz und Chemikalien. Wirksame Korrosionsschutzbehandlungen k\u00f6nnen die Lebensdauer von Stahlkonstruktionen wie Br\u00fccken, Geb\u00e4uden, Industrieanlagen und Schiffsbauwerken erheblich verl\u00e4ngern.<\/p>\n<\/div><div class=\"fusion-separator fusion-full-width-sep\" style=\"align-self: center;margin-left: auto;margin-right: auto;margin-top:15px;margin-bottom:15px;width:100%;\"><\/div><style type=\"text\/css\">@media only screen and (max-width:1024px) {.fusion-title.fusion-title-1{margin-top:10px!important; margin-right:0px!important;margin-bottom:15px!important;margin-left:0px!important;}}@media only screen and (max-width:640px) {.fusion-title.fusion-title-1{margin-top:10px!important; margin-right:0px!important;margin-bottom:10px!important; margin-left:0px!important;}}<\/style><div class=\"fusion-title title fusion-title-1 fusion-sep-none fusion-title-center fusion-title-text fusion-title-size-two\" style=\"margin-top:10px;margin-right:0px;margin-bottom:15px;margin-left:0px;\"><h2 class=\"title-heading-center\" style=\"margin:0;\"><h3 style=\"text-align: left;\"><strong>1.&nbsp;die Oberfl\u00e4chenvorbereitung<\/strong><\/h3><\/h2><\/div><div class=\"fusion-text fusion-text-2\"><p><strong>Reinigung:<\/strong> Die Stahloberfl\u00e4che muss gr\u00fcndlich gereinigt werden, um Rost, Zunder, Schmutz, \u00d6l und andere Verunreinigungen zu entfernen. Dies geschieht h\u00e4ufig durch Methoden wie Sandstrahlen, Reinigung mit Elektrowerkzeugen oder chemische Reinigung.<\/p>\n<p><strong>Profilierung:<\/strong> Die Erstellung eines Oberfl\u00e4chenprofils kann dazu beitragen, dass Schutzschichten besser haften. Zur Erzielung der gew\u00fcnschten Oberfl\u00e4chenstruktur wird in der Regel das Strahlen verwendet.<\/p>\n<\/div><div class=\"fusion-separator fusion-full-width-sep\" style=\"align-self: center;margin-left: auto;margin-right: auto;margin-top:15px;margin-bottom:15px;width:100%;\"><\/div><style type=\"text\/css\">@media only screen and (max-width:1024px) {.fusion-title.fusion-title-2{margin-top:10px!important; margin-right:0px!important;margin-bottom:15px!important;margin-left:0px!important;}}@media only screen and (max-width:640px) {.fusion-title.fusion-title-2{margin-top:10px!important; margin-right:0px!important;margin-bottom:10px!important; margin-left:0px!important;}}<\/style><div class=\"fusion-title title fusion-title-2 fusion-sep-none fusion-title-center fusion-title-text fusion-title-size-two\" style=\"margin-top:10px;margin-right:0px;margin-bottom:15px;margin-left:0px;\"><h2 class=\"title-heading-center\" style=\"margin:0;\"><h3 style=\"text-align: left;\"><strong>2. Auftragen der Grundierung<\/strong><\/h3><\/h2><\/div><div class=\"fusion-text fusion-text-3\"><p><strong>Auftragen der Grundierung:<\/strong> Als erste Schutzschicht wird eine korrosionsverhindernde Grundierung aufgetragen. Grundierungen sind speziell formuliert, um eine gute Haftfl\u00e4che f\u00fcr nachfolgende Beschichtungen zu schaffen und Rostbildung zu verhindern.<\/p>\n<p><strong>Arten von Grundierungen:<\/strong> Zu den gebr\u00e4uchlichen Arten geh\u00f6ren Epoxidgrundierungen, zinkhaltige Grundierungen und anorganische Zinksilikatgrundierungen. Die Wahl der Grundierung h\u00e4ngt von den spezifischen Umgebungsbedingungen und der Art des verwendeten Decklacks ab.<\/p>\n<\/div><div class=\"fusion-separator fusion-full-width-sep\" style=\"align-self: center;margin-left: auto;margin-right: auto;margin-top:15px;margin-bottom:15px;width:100%;\"><\/div><style type=\"text\/css\">@media only screen and (max-width:1024px) {.fusion-title.fusion-title-3{margin-top:10px!important; margin-right:0px!important;margin-bottom:15px!important;margin-left:0px!important;}}@media only screen and (max-width:640px) {.fusion-title.fusion-title-3{margin-top:10px!important; margin-right:0px!important;margin-bottom:10px!important; margin-left:0px!important;}}<\/style><div class=\"fusion-title title fusion-title-3 fusion-sep-none fusion-title-center fusion-title-text fusion-title-size-two\" style=\"margin-top:10px;margin-right:0px;margin-bottom:15px;margin-left:0px;\"><h2 class=\"title-heading-center\" style=\"margin:0;\"><h3 style=\"text-align: left;\"><strong>3. Farbauftrag<\/strong><\/h3><\/h2><\/div><div class=\"fusion-text fusion-text-4\"><p><strong>Wahl der Beschichtung:<\/strong> Die Wahl der Beschichtung h\u00e4ngt von der Umgebung ab, in der sich die Stahlkonstruktion befindet. Zu den g\u00e4ngigen Optionen geh\u00f6ren Epoxid-, Polyurethan- und Alkydbeschichtungen.<\/p>\n<p><strong>Applikationsmethoden:<\/strong> Beschichtungen k\u00f6nnen mit Pinsel, Rolle oder Spr\u00fchger\u00e4t aufgetragen werden. Welche Methode gew\u00e4hlt wird, h\u00e4ngt oft von der Gr\u00f6\u00dfe des Bauwerks und der Art der Beschichtung ab.<\/p>\n<p><strong>Mehrere Anstriche:<\/strong> H\u00e4ufig werden mehrere Anstriche aufgetragen, um eine vollst\u00e4ndige Abdeckung und eine optimale Dicke zu gew\u00e4hrleisten.<\/p>\n<\/div><div class=\"fusion-separator fusion-full-width-sep\" style=\"align-self: center;margin-left: auto;margin-right: auto;margin-top:15px;margin-bottom:15px;width:100%;\"><\/div><\/div><style type=\"text\/css\">.fusion-body .fusion-builder-column-0{width:100% !important;margin-top : 0px;margin-bottom : 20px;}.fusion-builder-column-0 > .fusion-column-wrapper {padding-top : 0px !important;padding-right : 0px !important;margin-right : 1.92%;padding-bottom : 0px !important;padding-left : 0px !important;margin-left : 1.92%;}@media only screen and (max-width:1024px) {.fusion-body .fusion-builder-column-0{width:100% !important;order : 0;}.fusion-builder-column-0 > .fusion-column-wrapper {margin-right : 1.92%;margin-left : 1.92%;}}@media only screen and (max-width:640px) {.fusion-body .fusion-builder-column-0{width:100% !important;order : 0;}.fusion-builder-column-0 > .fusion-column-wrapper {margin-right : 1.92%;margin-left : 1.92%;}}<\/style><\/div><\/div><style type=\"text\/css\">.fusion-body .fusion-flex-container.fusion-builder-row-1{ padding-top : 40px;margin-top : 0;padding-right : 0px;padding-bottom : 0px;margin-bottom : 0px;padding-left : 0px;}<\/style><\/div>\n","protected":false},"excerpt":{"rendered":"","protected":false},"author":2,"featured_media":0,"parent":600,"menu_order":2,"comment_status":"closed","ping_status":"closed","template":"100-width.php","meta":{"wp_mapbox_gl_js_media":[],"footnotes":""},"class_list":["post-1444","page","type-page","status-publish","hentry"],"yoast_head":"<!-- This site is optimized with the Yoast SEO plugin v17.4 - https:\/\/yoast.com\/wordpress\/plugins\/seo\/ -->\n<title>Industrielle Beschichtungen - REFRAPROFI s.r.o.<\/title>\n<meta name=\"description\" content=\"Hochwertige Beschichtungen von Bauwerken sind die Grundlage f\u00fcr deren lange Lebensdauer. Profitieren Sie von unserer langj\u00e4hrigen Erfahrung in der Beschichtung von Stahlkonstruktionen.\" \/>\n<meta name=\"robots\" content=\"noindex, follow, max-snippet:-1, max-image-preview:large, max-video-preview:-1\" \/>\n<meta property=\"og:locale\" content=\"de_DE\" \/>\n<meta property=\"og:type\" content=\"article\" \/>\n<meta property=\"og:title\" content=\"Industrielle Beschichtungen - REFRAPROFI s.r.o.\" \/>\n<meta property=\"og:description\" content=\"Hochwertige Beschichtungen von Bauwerken sind die Grundlage f\u00fcr deren lange Lebensdauer. Profitieren Sie von unserer langj\u00e4hrigen Erfahrung in der Beschichtung von Stahlkonstruktionen.\" \/>\n<meta property=\"og:url\" content=\"http:\/\/refra.posunemevasvys.cz\/de\/industrielle-bauten\/industrielle-beschichtungen\/\" \/>\n<meta property=\"og:site_name\" content=\"REFRAPROFI s.r.o.\" \/>\n<meta property=\"article:modified_time\" content=\"2024-03-13T07:46:19+00:00\" \/>\n<meta property=\"og:image\" content=\"http:\/\/refra.posunemevasvys.cz\/wp-content\/uploads\/2021\/10\/facebook.jpg\" \/>\n\t<meta property=\"og:image:width\" content=\"1111\" \/>\n\t<meta property=\"og:image:height\" content=\"552\" \/>\n<meta name=\"twitter:card\" content=\"summary_large_image\" \/>\n<meta name=\"twitter:label1\" content=\"Gesch\u00e4tzte Lesezeit\" \/>\n\t<meta name=\"twitter:data1\" content=\"9\u00a0Minuten\" \/>\n<script type=\"application\/ld+json\" class=\"yoast-schema-graph\">{\"@context\":\"https:\/\/schema.org\",\"@graph\":[{\"@type\":\"WebSite\",\"@id\":\"http:\/\/refra.posunemevasvys.cz\/#website\",\"url\":\"http:\/\/refra.posunemevasvys.cz\/\",\"name\":\"REFRAPROFI s.r.o.\",\"description\":\"Dodovatel komplexn\\u00edch slu\\u017eeb, technologick\\u00fdch celk\\u016f a za\\u0159\\u00edzen\\u00ed pro pr\\u016fmyslov\\u00e9 podniky\",\"potentialAction\":[{\"@type\":\"SearchAction\",\"target\":{\"@type\":\"EntryPoint\",\"urlTemplate\":\"http:\/\/refra.posunemevasvys.cz\/?s={search_term_string}\"},\"query-input\":\"required name=search_term_string\"}],\"inLanguage\":\"de\"},{\"@type\":\"WebPage\",\"@id\":\"http:\/\/refra.posunemevasvys.cz\/de\/industrielle-bauten\/industrielle-beschichtungen\/#webpage\",\"url\":\"http:\/\/refra.posunemevasvys.cz\/de\/industrielle-bauten\/industrielle-beschichtungen\/\",\"name\":\"Industrielle Beschichtungen - REFRAPROFI s.r.o.\",\"isPartOf\":{\"@id\":\"http:\/\/refra.posunemevasvys.cz\/#website\"},\"datePublished\":\"2024-03-12T08:41:56+00:00\",\"dateModified\":\"2024-03-13T07:46:19+00:00\",\"description\":\"Hochwertige Beschichtungen von Bauwerken sind die Grundlage f\\u00fcr deren lange Lebensdauer. Profitieren Sie von unserer langj\\u00e4hrigen Erfahrung in der Beschichtung von Stahlkonstruktionen.\",\"breadcrumb\":{\"@id\":\"http:\/\/refra.posunemevasvys.cz\/de\/industrielle-bauten\/industrielle-beschichtungen\/#breadcrumb\"},\"inLanguage\":\"de\",\"potentialAction\":[{\"@type\":\"ReadAction\",\"target\":[\"http:\/\/refra.posunemevasvys.cz\/de\/industrielle-bauten\/industrielle-beschichtungen\/\"]}]},{\"@type\":\"BreadcrumbList\",\"@id\":\"http:\/\/refra.posunemevasvys.cz\/de\/industrielle-bauten\/industrielle-beschichtungen\/#breadcrumb\",\"itemListElement\":[{\"@type\":\"ListItem\",\"position\":1,\"name\":\"Dom\\u016f\",\"item\":\"http:\/\/refra.posunemevasvys.cz\/de\/startseite\/\"},{\"@type\":\"ListItem\",\"position\":2,\"name\":\"Mechanische und technologische Montage\",\"item\":\"http:\/\/refra.posunemevasvys.cz\/de\/industrielle-bauten\/\"},{\"@type\":\"ListItem\",\"position\":3,\"name\":\"Industrielle Beschichtungen\"}]}]}<\/script>\n<!-- \/ Yoast SEO plugin. -->","yoast_head_json":{"title":"Industrielle Beschichtungen - REFRAPROFI s.r.o.","description":"Hochwertige Beschichtungen von Bauwerken sind die Grundlage f\u00fcr deren lange Lebensdauer. Profitieren Sie von unserer langj\u00e4hrigen Erfahrung in der Beschichtung von Stahlkonstruktionen.","robots":{"index":"noindex","follow":"follow","max-snippet":"max-snippet:-1","max-image-preview":"max-image-preview:large","max-video-preview":"max-video-preview:-1"},"og_locale":"de_DE","og_type":"article","og_title":"Industrielle Beschichtungen - REFRAPROFI s.r.o.","og_description":"Hochwertige Beschichtungen von Bauwerken sind die Grundlage f\u00fcr deren lange Lebensdauer. Profitieren Sie von unserer langj\u00e4hrigen Erfahrung in der Beschichtung von Stahlkonstruktionen.","og_url":"http:\/\/refra.posunemevasvys.cz\/de\/industrielle-bauten\/industrielle-beschichtungen\/","og_site_name":"REFRAPROFI s.r.o.","article_modified_time":"2024-03-13T07:46:19+00:00","og_image":[{"width":1111,"height":552,"url":"http:\/\/refra.posunemevasvys.cz\/wp-content\/uploads\/2021\/10\/facebook.jpg","type":"image\/jpeg"}],"twitter_card":"summary_large_image","twitter_misc":{"Gesch\u00e4tzte Lesezeit":"9\u00a0Minuten"},"schema":{"@context":"https:\/\/schema.org","@graph":[{"@type":"WebSite","@id":"http:\/\/refra.posunemevasvys.cz\/#website","url":"http:\/\/refra.posunemevasvys.cz\/","name":"REFRAPROFI s.r.o.","description":"Dodovatel komplexn\u00edch slu\u017eeb, technologick\u00fdch celk\u016f a za\u0159\u00edzen\u00ed pro pr\u016fmyslov\u00e9 podniky","potentialAction":[{"@type":"SearchAction","target":{"@type":"EntryPoint","urlTemplate":"http:\/\/refra.posunemevasvys.cz\/?s={search_term_string}"},"query-input":"required name=search_term_string"}],"inLanguage":"de"},{"@type":"WebPage","@id":"http:\/\/refra.posunemevasvys.cz\/de\/industrielle-bauten\/industrielle-beschichtungen\/#webpage","url":"http:\/\/refra.posunemevasvys.cz\/de\/industrielle-bauten\/industrielle-beschichtungen\/","name":"Industrielle Beschichtungen - REFRAPROFI s.r.o.","isPartOf":{"@id":"http:\/\/refra.posunemevasvys.cz\/#website"},"datePublished":"2024-03-12T08:41:56+00:00","dateModified":"2024-03-13T07:46:19+00:00","description":"Hochwertige Beschichtungen von Bauwerken sind die Grundlage f\u00fcr deren lange Lebensdauer. Profitieren Sie von unserer langj\u00e4hrigen Erfahrung in der Beschichtung von Stahlkonstruktionen.","breadcrumb":{"@id":"http:\/\/refra.posunemevasvys.cz\/de\/industrielle-bauten\/industrielle-beschichtungen\/#breadcrumb"},"inLanguage":"de","potentialAction":[{"@type":"ReadAction","target":["http:\/\/refra.posunemevasvys.cz\/de\/industrielle-bauten\/industrielle-beschichtungen\/"]}]},{"@type":"BreadcrumbList","@id":"http:\/\/refra.posunemevasvys.cz\/de\/industrielle-bauten\/industrielle-beschichtungen\/#breadcrumb","itemListElement":[{"@type":"ListItem","position":1,"name":"Dom\u016f","item":"http:\/\/refra.posunemevasvys.cz\/de\/startseite\/"},{"@type":"ListItem","position":2,"name":"Mechanische und technologische Montage","item":"http:\/\/refra.posunemevasvys.cz\/de\/industrielle-bauten\/"},{"@type":"ListItem","position":3,"name":"Industrielle Beschichtungen"}]}]}},"_links":{"self":[{"href":"http:\/\/refra.posunemevasvys.cz\/de\/wp-json\/wp\/v2\/pages\/1444","targetHints":{"allow":["GET"]}}],"collection":[{"href":"http:\/\/refra.posunemevasvys.cz\/de\/wp-json\/wp\/v2\/pages"}],"about":[{"href":"http:\/\/refra.posunemevasvys.cz\/de\/wp-json\/wp\/v2\/types\/page"}],"author":[{"embeddable":true,"href":"http:\/\/refra.posunemevasvys.cz\/de\/wp-json\/wp\/v2\/users\/2"}],"replies":[{"embeddable":true,"href":"http:\/\/refra.posunemevasvys.cz\/de\/wp-json\/wp\/v2\/comments?post=1444"}],"version-history":[{"count":5,"href":"http:\/\/refra.posunemevasvys.cz\/de\/wp-json\/wp\/v2\/pages\/1444\/revisions"}],"predecessor-version":[{"id":1510,"href":"http:\/\/refra.posunemevasvys.cz\/de\/wp-json\/wp\/v2\/pages\/1444\/revisions\/1510"}],"up":[{"embeddable":true,"href":"http:\/\/refra.posunemevasvys.cz\/de\/wp-json\/wp\/v2\/pages\/600"}],"wp:attachment":[{"href":"http:\/\/refra.posunemevasvys.cz\/de\/wp-json\/wp\/v2\/media?parent=1444"}],"curies":[{"name":"wp","href":"https:\/\/api.w.org\/{rel}","templated":true}]}}